{"id":24582,"date":"2019-10-15T15:45:32","date_gmt":"2019-10-15T15:45:32","guid":{"rendered":"https:\/\/avancso.org.gt\/sexoraza\/?page_id=24582"},"modified":"2021-08-11T19:25:02","modified_gmt":"2021-08-11T19:25:02","slug":"sexo","status":"publish","type":"page","link":"https:\/\/avancso.org.gt\/violencias\/sexo\/","title":{"rendered":"Sexo"},"content":{"rendered":"<div class=\"wpb-content-wrapper\"><p>[vc_row][vc_column][vc_column_text]<\/p>\n<h3>\u00a1Desnaturalizar y desaprender!<\/h3>\n<p>&nbsp;<\/p>\n<p><img decoding=\"async\" class=\"size-full wp-image-25005 alignleft\" src=\"https:\/\/avancso.org.gt\/violencias\/wp-content\/uploads\/2019\/11\/sashaB-200.png\" alt=\"\" width=\"200\" height=\"188\" \/><\/p>\n<p>&nbsp;<\/p>\n<p>Buenas tardes, Judith, \u00a1Muchas gracias por ese espacio de aprendizaje que tuvimos! En serio que es s\u00faper interesante. Quiero presentarte a Charli, mi amigxs est\u00e1 m\u00e1s que confundidx y no entiende todo lo que dijiste sobre la sexualidad. \u00bfNo es as\u00ed Charli?<\/p>\n<p>&nbsp;<\/p>\n<p>&nbsp;<\/p>\n<p style=\"text-align: right;\"><img decoding=\"async\" class=\"alignright size-full wp-image-24884\" src=\"https:\/\/avancso.org.gt\/violencias\/wp-content\/uploads\/2019\/11\/charliB-200.png\" alt=\"\" width=\"180\" height=\"219\" \/>S\u00ed, eeeh\u2026. No me queda claro. Es m\u00e1s, creo que no estoy de acuerdo. Pero, no s\u00e9 he aprendido tantas cosas con Sasha, que ahora creo que esto de no estar de acuerdo es porque alguien o algo me dijo que nunca deb\u00eda cuestionar. As\u00ed como todo lo de la raza y esas cosas. Ay perd\u00f3n por tanta palabrer\u00eda, pero en serio no s\u00e9 qu\u00e9 m\u00e1s pensar.<\/p>\n<p>&nbsp;<\/p>\n<p>&nbsp;<\/p>\n<p>&nbsp;<\/p>\n<p>&nbsp;<\/p>\n<p>&nbsp;<\/p>\n<p><img decoding=\"async\" class=\"size-full wp-image-24888 alignleft\" src=\"https:\/\/avancso.org.gt\/violencias\/wp-content\/uploads\/2019\/11\/judithB-200.png\" alt=\"\" width=\"200\" height=\"193\" \/>Piensa, que debes seguir pensando, no te preocupes Charli, todas las personas necesitamos cuestionar, repensar, construir y deconstruir. Vamos despacio, revisa estas ideas conmigo, \u00bfte parece? Lee los siguientes mensajes:[\/vc_column_text][\/vc_column][\/vc_row][vc_row][vc_column][vc_tta_accordion][vc_tta_section add_icon=\u00bbtrue\u00bb title=\u00bbEl g\u00e9nero y el dispositivo m\u00e9dico\u00bb tab_id=\u00bb1573157810053-ce0bbe6e-3ee2&#8243; i_icon_elegant=\u00bbgem-print-icon gem-icon-pack-elegant arrow_carrot-2right_alt2&#8243;][vc_column_text]La historia del g\u00e9nero est\u00e1 fuertemente vinculada al dispositivo m\u00e9dico y a un paradigma cient\u00edfico que divide los cuerpos en dos sexos. El buen sexo consiste en un aparato genital legible dentro de la gram\u00e1tica binaria de la ciencia. Asimismo, en un comportamiento sexual coherente, es decir, heterosexual.<\/p>\n<p>&nbsp;<\/p>\n<h4>Sexo, g\u00e9nero y sexualidad<\/h4>\n<p>&nbsp;<\/p>\n<p>Cuando se habla de sexo, g\u00e9nero y sexualidad en los seres humanos, al parecer, se piensa inmediatamente en una divisi\u00f3n de los seres humanos en dos grupos.<\/p>\n<p>Cuando se habla de <span style=\"color: #ff6600;\"><strong>sexo<\/strong> <\/span>se divide a la comunidad de humanos en dos categor\u00edas determinadas: <span style=\"color: #ff6600;\"><strong>mujeres y varones<\/strong><\/span>. Del mismo modo, con el <strong><span style=\"color: #800080;\">g\u00e9nero<\/span> <\/strong>se divide a los humanos en <span style=\"color: #800080;\"><strong>masculinos y femeninos<\/strong><\/span>. Y la <strong><span style=\"color: #00ccff;\">sexualidad<\/span> <\/strong>es clasificada en <strong><span style=\"color: #00ccff;\">normal y patol\u00f3gica<\/span><\/strong> (heterosexual\/homosexual). Adem\u00e1s de esta divisi\u00f3n, se realiza una alineaci\u00f3n entre sexo, g\u00e9nero y sexualidad. Es decir, el sexo con roles de g\u00e9nero y de sexualidad definidos. Lo anterior, proviene de una visi\u00f3n naturalista sobre los cuerpos humanos. <strong>Al sexo asignado al nacer una persona le corresponder\u00e1n roles determinados y un modo de sexualidad normal para la sociedad<\/strong>.<\/p>\n<p>Sin embargo, tambi\u00e9n se ha argumentado que el g\u00e9nero no es natural, pues los roles var\u00edan seg\u00fan la cultura en la que se desenvuelve el individuo. Hay diversos modos de masculinidad y de feminidad seg\u00fan los contextos culturales.<\/p>\n<p>Se dice que el sexo es natural, pues anat\u00f3micamente los cuerpos tienen una morfolog\u00eda \u201cfija\u201d.<\/p>\n<p><img decoding=\"async\" class=\"aligncenter size-full wp-image-24782\" src=\"https:\/\/avancso.org.gt\/violencias\/wp-content\/uploads\/2019\/11\/04-gayleRubin-f.png\" alt=\"\" width=\"303\" height=\"335\" srcset=\"https:\/\/avancso.org.gt\/violencias\/wp-content\/uploads\/2019\/11\/04-gayleRubin-f.png 303w, https:\/\/avancso.org.gt\/violencias\/wp-content\/uploads\/2019\/11\/04-gayleRubin-f-271x300.png 271w\" sizes=\"(max-width: 303px) 100vw, 303px\" \/><br \/>\nEn esta discusi\u00f3n se encontraba Gayle Rubin, al mencionar que \u201cel sexo tiene que ver con la biolog\u00eda que nos condiciona y el g\u00e9nero con la cultura que nos modula\u201d. En este esquema, hay una clara definici\u00f3n de biolog\u00eda como destino y cultura como transformaci\u00f3n. Es decir, que el sexo es definitivo mientras que el g\u00e9nero es modificable. Una interpretaci\u00f3n de este tipo presenta algunas problem\u00e1ticas al encontrar casos de cuerpos que no encajan en esta forma binaria de tratar el cuerpo humano como los casos de hermafroditismo o los llamados de \u201cambig\u00fcedad sexual\u201d.<\/p>\n<p>As\u00ed surgen preguntas como \u00bfcu\u00e1les son los criterios para dividir la humanidad sexuada? \u00bfLa definici\u00f3n de ser var\u00f3n o mujer viene dada por los \u00f3rganos geniales, por las hormonas, por los cromosomas? El criterio gon\u00e1dico (ovarios\/test\u00edculos) es falible para definir las identidades sexuales al encontrase con las g\u00f3nadas ovotestis \u2013gl\u00e1ndula sexual hermafrodita que contiene tejido testicular y ov\u00e1rico al mismo tiempo.<\/p>\n<p>&nbsp;<\/p>\n<p><img decoding=\"async\" class=\"aligncenter size-full wp-image-24781\" src=\"https:\/\/avancso.org.gt\/violencias\/wp-content\/uploads\/2019\/11\/04-elsaDorlin-f.png\" alt=\"\" width=\"296\" height=\"438\" srcset=\"https:\/\/avancso.org.gt\/violencias\/wp-content\/uploads\/2019\/11\/04-elsaDorlin-f.png 296w, https:\/\/avancso.org.gt\/violencias\/wp-content\/uploads\/2019\/11\/04-elsaDorlin-f-203x300.png 203w\" sizes=\"(max-width: 296px) 100vw, 296px\" \/>A finales del siglo XIX y principios del XX, seg\u00fan Elsa Dorlin, despu\u00e9s de la falibilidad del criterio gon\u00e1dico, se presentan las hormonas como los fundamentos naturales para definir dos identidades sexuales. Sin embargo, el criterio de las hormonas se presenta como falible ante los estudios biom\u00e9dicos que demostraron que las hormonas consideradas masculinas o femeninas forman parte de todos los cuerpos sean varones o mujeres. Adem\u00e1s, las hormonas tienen funciones m\u00e1s complejas en los cuerpos que el \u00fanico hecho de producir la sexualizaci\u00f3n de un cuerpo.<\/p>\n<p>Ya en la segunda mitad del siglo XX, los estudiosos de la gen\u00e9tica parecen llegar a una soluci\u00f3n para definir los criterios sexualizadores de los cuerpos: los cromosomas XX y XY emergen como determinantes de la identidad sexual de las personas. Sin embargo, este criterio tiene contradicciones y excepciones, pues seg\u00fan Dorlin, se estima que \u00fanicamente el \u201c10% de los individuos son \u201chombres\u201d con cromosomas XX o \u201cmujeres\u201d con la f\u00f3rmula XY\u201d.<\/p>\n<p>Algo as\u00ed pasa tambi\u00e9n con el g\u00e9nero y la sexualidad. En 1886, aparece la primera edici\u00f3n de la <em>Psychopathia sexualis<\/em> (Psicopatolog\u00eda sexual) del psiquiatra Richard von Krafft-Ebing. Esta psicopatolog\u00eda era una especie de enciclopedia que registraba casos de manifestaci\u00f3n sexual considerados en esa \u00e9poca como anormales: relaciones homosexuales, masoquismo, fetichismo\u2026 Estos registros inventaron identidades sexuales y clasificaci\u00f3n psicopatol\u00f3gica.<\/p>\n<p>&nbsp;<\/p>\n<p><img decoding=\"async\" class=\"aligncenter size-full wp-image-24784\" src=\"https:\/\/avancso.org.gt\/violencias\/wp-content\/uploads\/2019\/11\/04-paulPreciado-f.png\" alt=\"\" width=\"303\" height=\"281\" srcset=\"https:\/\/avancso.org.gt\/violencias\/wp-content\/uploads\/2019\/11\/04-paulPreciado-f.png 303w, https:\/\/avancso.org.gt\/violencias\/wp-content\/uploads\/2019\/11\/04-paulPreciado-f-300x278.png 300w\" sizes=\"(max-width: 303px) 100vw, 303px\" \/>Seg\u00fan Paul B. Preciado, estas identidades sexuales son consideradas \u201cobjetos de vigilancia y represi\u00f3n jur\u00eddica\u201d. Es as\u00ed, que la identidad sexual construye la diferencia sexual de los individuos, es decir, que la diferencia sexual es lo que ha de constituir un cuerpo como var\u00f3n o mujer. Es en esa \u00e9poca en la cual se extienden en Europa las leyes de criminalizaci\u00f3n de la sodom\u00eda. Esta criminalizaci\u00f3n de la sodom\u00eda era ya una pr\u00e1ctica habitual en el colonialismo, pues, la sodom\u00eda fue etiquetada como una pr\u00e1ctica contra-natura desde una visi\u00f3n cristiana del mundo, pr\u00e1ctica contra la que se erigi\u00f3 la masculinidad ib\u00e9rica.<\/p>\n<p>A trav\u00e9s de esta <em>Psychopathia sexualis<\/em> se llega a establecer, en palabras de Preciado, que \u201ca un sexo masculino le corresponder\u00eda naturalmente una expresi\u00f3n de g\u00e9nero masculino y una orientaci\u00f3n heterosexual\u201d. El establecimiento de esa cadena causal hace que cualquier desviaci\u00f3n sea considerada patol\u00f3gica. Es decir, todo lo que queda fuera de la alineaci\u00f3n sexo-g\u00e9nero-sexualidad es anormal.<\/p>\n<p>En cuanto al g\u00e9nero, se puede decir que no es producto de la \u201cnaturaleza\u201d del sexo. No hay una relaci\u00f3n sim\u00e9trica en el g\u00e9nero y el sexo, pero tampoco hay una dicotom\u00eda. El sexo al considerarlo natural parece ser el fundamento r\u00edgido del g\u00e9nero. Pero si el g\u00e9nero es maleable, en tanto construcci\u00f3n cultural, se estar\u00eda resquebrajando la concepci\u00f3n r\u00edgida, natural e inmutable del sexo.<\/p>\n<p>&nbsp;<\/p>\n<p><img decoding=\"async\" class=\"aligncenter size-full wp-image-24783\" src=\"https:\/\/avancso.org.gt\/violencias\/wp-content\/uploads\/2019\/11\/04-JohnMoney-f.png\" alt=\"\" width=\"303\" height=\"335\" srcset=\"https:\/\/avancso.org.gt\/violencias\/wp-content\/uploads\/2019\/11\/04-JohnMoney-f.png 303w, https:\/\/avancso.org.gt\/violencias\/wp-content\/uploads\/2019\/11\/04-JohnMoney-f-271x300.png 271w\" sizes=\"(max-width: 303px) 100vw, 303px\" \/>En 1947, a John Money, un psic\u00f3logo infantil emigrado a Estados Unidos, se le encarga el tratamiento de beb\u00e9s intersexuales. Money sosten\u00eda la teor\u00eda de la identidad de g\u00e9nero, por lo que \u00e9l sustenta la posibilidad de establecer el sexo del beb\u00e9 intersexual (cuerpo nacido con \u00f3rganos o cromosomas \u201cno clasificable\u201d como masculino o femenino seg\u00fan los criterios de la medicina), a trav\u00e9s de la modificaci\u00f3n hormonal y quir\u00fargica.<\/p>\n<p>Seg\u00fan los estudios de Preciado, la noci\u00f3n de \u201cg\u00e9nero\u201d que utiliza John Money es para nombrar una especie de \u201csexo psicol\u00f3gico\u201d, con el que piensa en la posibilidad de utilizar la tecnolog\u00eda m\u00e9dica para modificar el cuerpo seg\u00fan un \u201cideal regulatorio\u201d, el cual estar\u00eda prescribiendo el \u201cdeber ser\u201d de un cuerpo humano femenino o masculino. Al llevar a la pr\u00e1ctica esta idea, el cuerpo intersexual del beb\u00e9 ser\u00eda intervenido quir\u00fargicamente para hacerlo encuadrar en el binario sexual: var\u00f3n o mujer. Posterior a esta cirug\u00eda, el beb\u00e9 ser\u00eda intervenido hormonalmente para hacer coincidir su \u201cverdad gon\u00e1dica\u201d con una certera \u201cidentidad de g\u00e9nero\u201d.<\/p>\n<p>En este sentido, el sexo, el g\u00e9nero y la sexualidad del intersexual es devuelto a la naturaleza del ser humano. Var\u00f3n-masculino-heterosexual o mujer-femenina-heterosexual. Elsa Dorlin, al vincular la historia de las ciencias con la historicidad del g\u00e9nero menciona que \u201cla f\u00e1brica m\u00e9dica de cuerpos sexuados no es una met\u00e1fora, la incorporaci\u00f3n del sexo es una pr\u00e1ctica efectiva\u201d. El trabajo de los m\u00e9dicos en estas historias es la de utilizar variados mecanismos para relacionar coincidentemente el g\u00e9nero con el sexo y la sexualidad.[\/vc_column_text][\/vc_tta_section][vc_tta_section add_icon=\u00bbtrue\u00bb title=\u00bbEl car\u00e1cter social del g\u00e9nero\u00bb tab_id=\u00bb1573157810166-63e66e88-7132&#8243; i_icon_elegant=\u00bbgem-print-icon gem-icon-pack-elegant arrow_carrot-2right_alt2&#8243;][vc_column_text]En \u00abEl car\u00e1cter social del g\u00e9nero\u00bb, Collete Guillaumain detect\u00f3 la naturalizaci\u00f3n secundaria del sexo que ocultaba el g\u00e9nero. Establece que la introducci\u00f3n del \u201cg\u00e9nero\u201d a las ciencias sociales responde a una pol\u00edtica: presentar los rasgos de g\u00e9nero como simb\u00f3licos, mientras el sexo anat\u00f3mico tiene el papel de verdad incuestionable. Sin embargo, es una dificultad.<\/p>\n<p>&nbsp;<\/p>\n<p>Hay todo un debate acerca de la construcci\u00f3n social del g\u00e9nero y la biologizaci\u00f3n del sexo. Sin embargo, actualmente, lxs te\u00f3ricxs argumentan la construcci\u00f3n social del sexo a trav\u00e9s del g\u00e9nero. La gesti\u00f3n del cuerpo intersexual respondi\u00f3 a las pol\u00edticas del g\u00e9nero antes de las del sexo. En tal sentido, la epistemolog\u00eda m\u00e9dica fracas\u00f3 con sus criterios. Puesto que, si el sexo era naturaleza, surge la pregunta de qu\u00e9 hacer con un cuerpo intersexual o transexual. \u00bfAdecuarlo a la binariedad mujer\/var\u00f3n? El doctor Money, un psicopediatra, adecu\u00f3 el cuerpo intersexual a la binariedad de g\u00e9nero: masculino o femenino, porque no pod\u00eda admitirse otro cuerpo fuera de esa tecnolog\u00eda. Por lo cual, se realizaron modificaciones quir\u00fargicas al intersexual reci\u00e9n nacido y lo adecuaro al g\u00e9nero femenino o masculino, a trav\u00e9s de la hormonizaci\u00f3n.<\/p>\n<p>Observa el siguiente video, haz clic en el \u00edcono de la tuerca luego en la opci\u00f3n \u00abcc\u00bb para seleccionar los subt\u00edtulos en espa\u00f1ol:<br \/>\n<iframe src=\"https:\/\/www.youtube.com\/embed\/eWVRzGMVXbM\" width=\"560\" height=\"315\" frameborder=\"0\" allowfullscreen=\"allowfullscreen\"><\/iframe>[\/vc_column_text][\/vc_tta_section][vc_tta_section add_icon=\u00bbtrue\u00bb title=\u00bbLa bicategorizaci\u00f3n del sexo\u00bb tab_id=\u00bb1573160548737-60fca933-15e0&#8243; i_icon_elegant=\u00bbgem-print-icon gem-icon-pack-elegant arrow_carrot-2right_alt2&#8243;][vc_column_text]La bicategorizaci\u00f3n del sexo representa un obst\u00e1culo para la comprensi\u00f3n cient\u00edfica del \u201csexo\u201d como proceso complejo de sexuaci\u00f3n que no se reduce \u00fanicamente a las categor\u00edas de \u201cmujer\u201d u \u201chombre\u201d. Las desigualdades econ\u00f3micas, sociales y culturales son elementos constitutivos de la sociedad y se manifiestan en las formas de relacionamiento cotidiano. Al final, estas desigualdades garantizan que unos grupos tienen superioridad sobre otros.<\/p>\n<p>Si bien se generaliz\u00f3 la idea de que el g\u00e9nero es un producto cultural, el sexo permaneci\u00f3 sobre la base inmutable de la verdad cient\u00edfica. En tanto que, anatom\u00eda del cuerpo, el sexo ha sido le\u00eddo desde un determinismo cient\u00edfico que justifica la intervenci\u00f3n quir\u00fargica de los cuerpos cuyos \u00f3rganos reproductivos no se adec\u00faan a la norma m\u00e9dica (cuerpos intersex). Estos cuerpos son considerados an\u00f3malos, justamente porque la verdad sobre el sexo dicta femenino o masculino sin que la autoridad de la ciencia sea cuestionada. La idea generalizada de la objetividad cient\u00edfica impide percibir el sexo dentro de los circuitos de la producci\u00f3n cultural. Con esto no negamos la parte material de los cuerpos, pero s\u00ed cuestionamos la idea de que esa concepci\u00f3n, de c\u00f3mo son los cuerpos, no se vea contaminada por los significados que da la sociedad.<\/p>\n<p>&nbsp;<\/p>\n<p>Comprendamos un poco m\u00e1s:<br \/>\n<iframe src=\"https:\/\/www.youtube.com\/embed\/SYXWRuSd_6Y\" width=\"560\" height=\"315\" frameborder=\"0\" allowfullscreen=\"allowfullscreen\"><\/iframe><\/p>\n<p>Como se presenta en el video, uno de los problemas en la sociedad es que solamente se reconocen dos sexos, \u201chombre y mujer\u201d, estas dos clasificaciones (de ah\u00ed lo binario) son las \u00fanicas reconocidas en la ciencia, ya que se le asigna el nombre \u201chombre\u201d o \u201cmujer\u201d a una persona a partir de su descripci\u00f3n biol\u00f3gica y es \u201caceptado\u201d o \u201cnormal\u201d la relaci\u00f3n heterosexual entre \u201chombres\u201d y \u201cmujeres\u201d, por lo tanto, el comportamiento que se espera de cada uno deber\u00eda ser coherente con lo que se espera de ellxs. Sin embargo, \u00bftodas las personas se reconocen a s\u00ed mismas como \u201chombres\u201d o \u201cmujeres\u201d? \u00bfTodas las personas act\u00faan \u00fanicamente desde ese par\u00e1metro? \u00bfTodas las personas manifiestan en su cuerpo lo que se supone que debe significar el tener uno u otro aparato reproductivo? \u00bfQu\u00e9 pasa con los que no?[\/vc_column_text][\/vc_tta_section][vc_tta_section add_icon=\u00bbtrue\u00bb title=\u00bbCriterios naturales\u00bb tab_id=\u00bb1573160703677-c4bdecc9-4ab4&#8243; i_icon_elegant=\u00bbgem-print-icon gem-icon-pack-elegant arrow_carrot-2right_alt2&#8243;][vc_column_text]Todos los criterios llamados \u201cnaturales\u201d del sexo pueden fallar o no ser ciertos y solo nos aproximan a lo que es la realidad, pero en lo real, no funcionan as\u00ed. El g\u00e9nero y el sexo son factores sociales definidos a partir de relaciones de poder.<\/p>\n<p>Probemos un poco esta idea. Observa a las personas en esta imagen:<\/p>\n<p><img decoding=\"async\" class=\"aligncenter wp-image-25103\" src=\"https:\/\/avancso.org.gt\/violencias\/wp-content\/uploads\/2019\/11\/04-diversidadPersonas-300x200.jpg\" alt=\"\" width=\"650\" height=\"433\" srcset=\"https:\/\/avancso.org.gt\/violencias\/wp-content\/uploads\/2019\/11\/04-diversidadPersonas-300x200.jpg 300w, https:\/\/avancso.org.gt\/violencias\/wp-content\/uploads\/2019\/11\/04-diversidadPersonas-768x512.jpg 768w, https:\/\/avancso.org.gt\/violencias\/wp-content\/uploads\/2019\/11\/04-diversidadPersonas-1024x683.jpg 1024w, https:\/\/avancso.org.gt\/violencias\/wp-content\/uploads\/2019\/11\/04-diversidadPersonas.jpg 1920w\" sizes=\"(max-width: 650px) 100vw, 650px\" \/><\/p>\n<ul>\n<li>\u00bfQui\u00e9n de esas personas desear\u00edas fuera t\u00fa vecina o vecino y por qu\u00e9?<\/li>\n<li>\u00bfQui\u00e9n de esas personas desear\u00edas fuera t\u00fa amiga o amigo y por qu\u00e9?<\/li>\n<li>\u00bfQui\u00e9n de esas personas desear\u00edas fuera tu jefe o jefa y por qu\u00e9?<\/li>\n<li>\u00bfQui\u00e9n de esas personas desear\u00eda tu comunidad que fuera su autoridad y por qu\u00e9?<\/li>\n<li>\u00bfQui\u00e9n de esas personas desear\u00edas fuera t\u00fa docente y por qu\u00e9?<\/li>\n<li>\u00bfCon qui\u00e9n de esas personas desear\u00eda tu familia que te casaras y por qu\u00e9?<\/li>\n<li>\u00bfQui\u00e9n de esas personas te enorgullecer\u00eda al presentarla como tu pareja y por qu\u00e9?<\/li>\n<li>\u00bfQui\u00e9n de esas personas desear\u00edas representar\u00e1 al pa\u00eds en un evento internacional y por qu\u00e9?<\/li>\n<li>\u00bfQui\u00e9n tiene m\u00e1s poder y por qu\u00e9?<\/li>\n<\/ul>\n<p>Hagamos otro ejercicio, observa la ilustraci\u00f3n de la artista Florencia Capello, anal\u00edzala:<\/p>\n<p><img decoding=\"async\" class=\"aligncenter wp-image-24787\" src=\"https:\/\/avancso.org.gt\/violencias\/wp-content\/uploads\/2019\/11\/04-transFlorenciaCapello-300x150.jpg\" alt=\"\" width=\"500\" height=\"250\" srcset=\"https:\/\/avancso.org.gt\/violencias\/wp-content\/uploads\/2019\/11\/04-transFlorenciaCapello-300x150.jpg 300w, https:\/\/avancso.org.gt\/violencias\/wp-content\/uploads\/2019\/11\/04-transFlorenciaCapello-768x384.jpg 768w, https:\/\/avancso.org.gt\/violencias\/wp-content\/uploads\/2019\/11\/04-transFlorenciaCapello-1024x512.jpg 1024w, https:\/\/avancso.org.gt\/violencias\/wp-content\/uploads\/2019\/11\/04-transFlorenciaCapello.jpg 1754w\" sizes=\"(max-width: 500px) 100vw, 500px\" \/><\/p>\n<ul>\n<li>\u00bfC\u00f3mo son \u201clas mujeres\u201d, seg\u00fan dice la sociedad (aspectos positivos y negativos)?<\/li>\n<li>\u00bfPara qu\u00e9 sirven \u201clas mujeres\u201d, seg\u00fan dice la sociedad?<\/li>\n<li>\u00bfCu\u00e1l es el lugar \u2013 destino de \u201clas mujeres\u201d, seg\u00fan dice la sociedad?<\/li>\n<li>\u00bfC\u00f3mo se les nombra a los genitales \u201cde una mujer\u201d?<\/li>\n<li>\u00bfC\u00f3mo son \u201clos hombres\u201d, seg\u00fan dice la sociedad (aspectos positivos y negativos)?<\/li>\n<li>\u00bfPara qu\u00e9 sirven \u201clos hombres\u201d, seg\u00fan dice la sociedad?<\/li>\n<li>\u00bfCu\u00e1l es el lugar \u2013 destino de \u201clos hombres\u201d, seg\u00fan dice la sociedad?<\/li>\n<li>\u00bfC\u00f3mo se les nombra a los genitales \u201cde un hombre\u201d?<\/li>\n<li>\u00bfCu\u00e1les son los mensajes que escoden la forma de representar a mujeres y hombres y de nombrar las partes del cuerpo que les diferencian?<\/li>\n<li>\u00bfDe qu\u00e9 manera los modelos establecidos de mujer y hombre se parecen o diferencian con la realidad de nuestra familia y nuestra comunidad?<\/li>\n<li>\u00bfC\u00f3mo influyen los modelos establecidos en las formas en la que nos entendemos y entendemos a otrxs?<\/li>\n<\/ul>\n<p>[\/vc_column_text][\/vc_tta_section][\/vc_tta_accordion][\/vc_column][\/vc_row][vc_row][vc_column width=\u00bb1\/2&#8243;]<div class=\"gem-button-container gem-button-position-center\"><a title=\"Sexo\" class=\"gem-button gem-button-size-small gem-button-style-flat gem-button-text-weight-normal gem-button-icon-position-left\" style=\"border-radius: 3px;\" onmouseleave=\"\" onmouseenter=\"\" href=\"https:\/\/avancso.org.gt\/violencias\/pf\/sexo\/\" target=\"_self\"><i class=\"gem-print-icon gem-icon-pack-elegant\">&#x23;<\/i>Regresa<\/a><\/div> [\/vc_column][vc_column width=\u00bb1\/2&#8243;]<div class=\"gem-button-container gem-button-position-center\"><a title=\"Sexo \u00bfQu\u00e9 opinas?\" class=\"gem-button gem-button-size-small gem-button-style-flat gem-button-text-weight-normal gem-button-icon-position-right\" style=\"border-radius: 3px;\" onmouseleave=\"\" onmouseenter=\"\" href=\"https:\/\/avancso.org.gt\/violencias\/sexo-que-opinas\/\" target=\"_self\">Contin\u00faa<i class=\"gem-print-icon gem-icon-pack-elegant\">&#x24;<\/i><\/a><\/div> [\/vc_column][\/vc_row]<\/p>\n<\/div>","protected":false},"excerpt":{"rendered":"<p>[vc_row][vc_column][vc_column_text] \u00a1Desnaturalizar y desaprender! &nbsp; &nbsp; Buenas tardes, Judith, \u00a1Muchas gracias por ese espacio de aprendizaje que tuvimos! En serio&#8230;<\/p>\n","protected":false},"author":1,"featured_media":0,"parent":0,"menu_order":0,"comment_status":"closed","ping_status":"closed","template":"","meta":{"footnotes":""},"class_list":["post-24582","page","type-page","status-publish"],"_links":{"self":[{"href":"https:\/\/avancso.org.gt\/violencias\/wp-json\/wp\/v2\/pages\/24582","targetHints":{"allow":["GET"]}}],"collection":[{"href":"https:\/\/avancso.org.gt\/violencias\/wp-json\/wp\/v2\/pages"}],"about":[{"href":"https:\/\/avancso.org.gt\/violencias\/wp-json\/wp\/v2\/types\/page"}],"author":[{"embeddable":true,"href":"https:\/\/avancso.org.gt\/violencias\/wp-json\/wp\/v2\/users\/1"}],"replies":[{"embeddable":true,"href":"https:\/\/avancso.org.gt\/violencias\/wp-json\/wp\/v2\/comments?post=24582"}],"version-history":[{"count":22,"href":"https:\/\/avancso.org.gt\/violencias\/wp-json\/wp\/v2\/pages\/24582\/revisions"}],"predecessor-version":[{"id":25258,"href":"https:\/\/avancso.org.gt\/violencias\/wp-json\/wp\/v2\/pages\/24582\/revisions\/25258"}],"wp:attachment":[{"href":"https:\/\/avancso.org.gt\/violencias\/wp-json\/wp\/v2\/media?parent=24582"}],"curies":[{"name":"wp","href":"https:\/\/api.w.org\/{rel}","templated":true}]}}