{"id":24586,"date":"2019-10-15T15:46:12","date_gmt":"2019-10-15T15:46:12","guid":{"rendered":"https:\/\/avancso.org.gt\/sexoraza\/?page_id=24586"},"modified":"2019-11-26T20:25:45","modified_gmt":"2019-11-26T20:25:45","slug":"sexo-politica-accionar","status":"publish","type":"page","link":"https:\/\/avancso.org.gt\/violencias\/sexo-politica-accionar\/","title":{"rendered":"Sexo-pol\u00edtica \u00a1Accionar!"},"content":{"rendered":"<div class=\"wpb-content-wrapper\"><p>[vc_row][vc_column][vc_column_text]<img decoding=\"async\" class=\"alignleft size-full wp-image-24886\" src=\"https:\/\/avancso.org.gt\/violencias\/wp-content\/uploads\/2019\/11\/cruzB-200.png\" alt=\"\" width=\"200\" height=\"194\" \/><\/p>\n<p>&nbsp;<\/p>\n<p>Y es as\u00ed Charli, que yo soy el primero en decir que las instituciones religiosas, escolares, los medios de comunicaci\u00f3n y la ciencia reproducen el dispositivo y favorecen desigualdad, discriminaci\u00f3n, homofobia, intolerancia y te metieron en la cabeza un mont\u00f3n de las ideas que seguramente te confunden.<\/p>\n<p>&nbsp;<\/p>\n<p>&nbsp;<\/p>\n<p>&nbsp;<\/p>\n<p>&nbsp;<\/p>\n<p style=\"text-align: right;\"><img decoding=\"async\" class=\"size-full wp-image-24884 alignright\" src=\"https:\/\/avancso.org.gt\/violencias\/wp-content\/uploads\/2019\/11\/charliB-200.png\" alt=\"\" width=\"180\" height=\"219\" \/><\/p>\n<p>&nbsp;<\/p>\n<p style=\"text-align: right;\">Bueno, si lo pones as\u00ed, pues tienes raz\u00f3n. Y si, estas ideas me han confundido, aunque entenderlas desde tu perspectiva creo que me ayud\u00f3.<\/p>\n<p>&nbsp;<\/p>\n<p>&nbsp;<\/p>\n<p>&nbsp;<\/p>\n<p>&nbsp;<\/p>\n<p>&nbsp;<\/p>\n<p><img decoding=\"async\" class=\"alignleft size-full wp-image-24886\" src=\"https:\/\/avancso.org.gt\/violencias\/wp-content\/uploads\/2019\/11\/cruzB-200.png\" alt=\"\" width=\"200\" height=\"194\" \/><\/p>\n<p>&nbsp;<\/p>\n<p>&nbsp;<\/p>\n<p>Bueno Charli, pero te ayudar\u00eda seguir reflexionando y revisando estas ideas en ti. Te propongo estos ejercicios:[\/vc_column_text][\/vc_column][\/vc_row][vc_row][vc_column][vc_tta_accordion][vc_tta_section add_icon=\u00bbtrue\u00bb title=\u00bbIdea 1&#8243; tab_id=\u00bb1573178293078-b22a44f2-ffd6&#8243; i_icon_elegant=\u00bbgem-print-icon gem-icon-pack-elegant icon_star\u00bb][vc_column_text]Haz una revisi\u00f3n de tus propias ideas y de lo que te han ense\u00f1ado para explorar c\u00f3mo funcionan en tu vida y c\u00f3mo filtran lo que piensas de otrxs.<\/p>\n<ul>\n<li>\u00bfQu\u00e9 se te exige en cuanto a la reproducci\u00f3n?<\/li>\n<li>\u00bfQu\u00e9 se te exige en cuanto al matrimonio?<\/li>\n<li>\u00bfQu\u00e9 tan dispuesto est\u00e1s a cumplir estas exigencias?<\/li>\n<\/ul>\n<p>[\/vc_column_text][\/vc_tta_section][vc_tta_section add_icon=\u00bbtrue\u00bb title=\u00bbIdea 2&#8243; tab_id=\u00bb1573178293113-add05d77-8f61&#8243; i_icon_elegant=\u00bbgem-print-icon gem-icon-pack-elegant icon_star\u00bb][vc_column_text]Lee esta noticia:[\/vc_column_text]<div class=\"lazy-loading\" data-ll-item-delay=\"0\"><div class=\"gem-textbox  lazy-loading-item\"  data-ll-effect=\"move-up\" ><div class=\"gem-textbox-top gem-textbox-top-ticket\"><svg width=\"100%\" height=\"14\" style=\"fill: #d5f2b3;\"><defs><pattern id=\"pattern-1776988312-71\" x=\"16\" y=\"0\" width=\"32\" height=\"16\" patternUnits=\"userSpaceOnUse\" ><path d=\"M 0,14.5 16,-0.5 32,14.5\" \/><\/pattern><\/defs><rect x=\"0\" y=\"0\" width=\"100%\" height=\"14\" style=\"fill: url(#pattern-1776988312-71);\" \/><\/svg><\/div><div class=\"gem-textbox-inner\" style=\"\"><div class=\"gem-textbox-content\" style=\"background-color: #d5f2b3;background-position: center top;\">[vc_column_text]<\/p>\n<h5><strong>An\u00e1lisis de Situaci\u00f3n: Salud Sexual y Reproductiva<\/strong><\/h5>\n<p>An\u00e1lisis de situaci\u00f3n: Salud sexual y reproductiva<\/p>\n<p>Guatemala presenta muy importantes rezagos e inequidades en diferentes aspectos relacionados con la salud sexual y reproductiva. Sin embargo, tambi\u00e9n se han mostrado algunos avances en temas relacionados con la reducci\u00f3n de la mortalidad materna, los indicadores de acceso a la salud reproductiva y prevenci\u00f3n y control del c\u00e1ncer del cuello uterino.<\/p>\n<p>A nivel global, el descenso de la Raz\u00f3n la mortalidad materna ha sido \u00fanicamente del 29% en el per\u00edodo comprendido entre 1990 y 2010, lo que compromete seriamente el logro del ODM 5, de reducir la mortalidad materna en 75% para el a\u00f1o 2015.<\/p>\n<p>A nivel regional, la mortalidad materna y morbilidad maternas severas contin\u00faan siendo un problema de salud p\u00fablica. Si bien la Raz\u00f3n de Mortalidad Materna (RMM) de la regi\u00f3n para el 2010, es de 88.9 por 100,000 nacidos vivos, todav\u00eda existen nueve pa\u00edses, entre los que encuentra Guatemala, por encima de ese nivel promedio regional. El Estudio Nacional de Mortalidad Materna 2007 (SEGEPLAN\/MSPAS) muestra una RMM promedio nacional, de 139 muertes por 100,000 nacidos vivos. Los departamentos con mayor mortalidad materna, se caracterizan por su pobreza, su inaccesibilidad geogr\u00e1fica, su poblaci\u00f3n ind\u00edgena y rural y su limitado acceso a servicios de salud con capacidad resolutiva para atender partos o emergencias obst\u00e9tricas con adecuada calidad y oportunidad.<\/p>\n<p>A nivel nacional, la atenci\u00f3n del parto institucional subi\u00f3 de 41.3% (2002) hasta 51.2% en 2008\/09.<\/p>\n<p>La Encuesta Nacional de Salud Materno infantil (ENSMI) del 2008\/09 mostr\u00f3 mejor\u00eda en cuatro indicadores de acceso a la salud reproductiva: la prevalencia de usos de m\u00e9todos de planificaci\u00f3n familiar en mujeres unidas subi\u00f3 de un 43.3% (2002) a un 51.2% en 2008\/09; la Tasa Global de Fecundidad (TGF) baj\u00f3 de 4.4 hijos por mujer en 2002, hasta 3.6 en 2008\/09. La tasa espec\u00edfica de fecundidad en adolescentes descendi\u00f3 a 98 embarazos por cada 1000 mujeres de 15 a 19 a\u00f1os. La necesidad insatisfecha de planificaci\u00f3n familiar descendi\u00f3 de 27.6% (2002) hasta 20.8 en 2008\/09.<\/p>\n<p>Sin embargo, todos estos indicadores muestran importantes brechas entre poblaciones urbanas y rurales, ind\u00edgenas y no ind\u00edgenas y en poblaciones con diferentes niveles de escolaridad, por lo que siguen existiendo inequidades marcadas por estas determinantes sociales. La pertinencia intercultural de los servicios de salud es una intervenci\u00f3n que reci\u00e9n comienza a desarrollarse en el pa\u00eds, busc\u00e1 acercar a las mujeres a servicios de salud amigables y satisfactorios culturalmente para ellas y sus familias.<\/p>\n<p>En prevenci\u00f3n y control del c\u00e1ncer del cuello uterino, Guatemala cuenta desde el a\u00f1o 2010, con una normativa nacional que ha permitido capacitar al 100% de las \u00e1reas de salud del pa\u00eds, se ha fortalecido el equipamiento en diagn\u00f3stico y tratamiento, a trav\u00e9s de suministro de equipos de colposcop\u00eda, crioterapia y electrocirug\u00eda. Se ha comenzado a implementar la estrategia de \u201cver y tratar\u201d (Inspecci\u00f3n visual con Acido Ac\u00e9tico + referencia o crioterapia).<\/p>\n<p>Texto tomado de: <a href=\"https:\/\/www.paho.org\/gut\/index.php?option=com_content&amp;view=article&amp;id=477:b-analisis-de-situacion-salud-sexual-y-reproductiva&amp;Itemid=405\">https:\/\/www.paho.org\/gut\/index.php?option=com_content&amp;view=article&amp;id=477:b-analisis-de-situacion-salud-sexual-y-reproductiva&amp;Itemid=405<\/a>[\/vc_column_text]<\/div><\/div><\/div><\/div>[vc_column_text]\u00bfQu\u00e9 opinas de la noticia? \u00bfQu\u00e9 relaci\u00f3n hay entre lo aprendido con sexo pol\u00edtica y la situaci\u00f3n de derechos sexuales y reproductivos en Guatemala?[\/vc_column_text][\/vc_tta_section][\/vc_tta_accordion][\/vc_column][\/vc_row][vc_row][vc_column][vc_column_text]<img decoding=\"async\" class=\"size-full wp-image-25005 alignleft\" src=\"https:\/\/avancso.org.gt\/violencias\/wp-content\/uploads\/2019\/11\/sashaB-200.png\" alt=\"\" width=\"200\" height=\"188\" \/><\/p>\n<p>&nbsp;<\/p>\n<p>Bueno Charli, ya tienes casi todo el panorama claro. \u00bfC\u00f3mo te sientes hasta ahora? \u00bfMenos confudidx?<\/p>\n<p>&nbsp;<\/p>\n<p><img decoding=\"async\" class=\"size-full wp-image-24884 alignright\" src=\"https:\/\/avancso.org.gt\/violencias\/wp-content\/uploads\/2019\/11\/charliB-200.png\" alt=\"\" width=\"180\" height=\"219\" \/><\/p>\n<p>&nbsp;<\/p>\n<p style=\"text-align: right;\">Sasha, pero sabes, ya ubiqu\u00e9 cu\u00e1ndo empez\u00f3 mi confusi\u00f3n. El otro d\u00eda conoc\u00ed a la mam\u00e1 de los alumnxs de mi hermana, ella es maestra. Le pregunt\u00f3 algo a mi hermana que me movi\u00f3 el piso. \u00bfPodr\u00edamos ir con ella?<\/p>\n<p>&nbsp;<\/p>\n<p>&nbsp;<\/p>\n<p>&nbsp;<\/p>\n<p>&nbsp;<\/p>\n<p><img decoding=\"async\" class=\"size-full wp-image-25005 alignleft\" src=\"https:\/\/avancso.org.gt\/violencias\/wp-content\/uploads\/2019\/11\/sashaB-200.png\" alt=\"\" width=\"200\" height=\"188\" \/><\/p>\n<p>&nbsp;<\/p>\n<p>&nbsp;<\/p>\n<p>Claro Charli, vamos. \u00a1Gracias por todo Cruz!<\/p>\n<p>&nbsp;<\/p>\n<p style=\"text-align: right;\"><img decoding=\"async\" class=\"size-full wp-image-24886 alignright\" src=\"https:\/\/avancso.org.gt\/violencias\/wp-content\/uploads\/2019\/11\/cruzB-200.png\" alt=\"\" width=\"200\" height=\"194\" \/><\/p>\n<p>&nbsp;<\/p>\n<p>&nbsp;<\/p>\n<p>&nbsp;<\/p>\n<p style=\"text-align: right;\">\u00a1Con gusto!<\/p>\n<p>[\/vc_column_text][\/vc_column][\/vc_row][vc_row][vc_column]<div class=\"gem-button-container gem-button-position-center\"><a title=\"Sexo-pol\u00edtica \u00bfQu\u00e9 opinas?\" class=\"gem-button gem-button-size-small gem-button-style-flat gem-button-text-weight-normal gem-button-icon-position-left\" style=\"border-radius: 3px;\" onmouseleave=\"\" onmouseenter=\"\" href=\"https:\/\/avancso.org.gt\/violencias\/sexo-politica-que-opinas\/\" target=\"_self\"><i class=\"gem-print-icon gem-icon-pack-elegant\">&#x23;<\/i>Regresa<\/a><\/div> [\/vc_column][\/vc_row][vc_row][vc_column]<div class=\"gem-textbox \"  ><div class=\"gem-textbox-top gem-textbox-top-flag\"><svg viewBox=\"0 0 1000 20\" preserveAspectRatio=\"none\" width=\"100%\" height=\"20\" style=\"fill: #d1f29d;\"><path d=\"M 0,20.5 0,0 500,20.5 1000,0 1000,20.5\" \/><\/svg><\/div><div class=\"gem-textbox-inner\" style=\"\"><div class=\"gem-textbox-content\" style=\"background-color: #d1f29d;background-position: center top;\">[vc_column_text]<\/p>\n<p style=\"text-align: center;\"><strong>Contin\u00faa con el m\u00f3dulo: <a href=\"https:\/\/avancso.org.gt\/violencias\/pf\/violencia\/\">Violencia<\/a>.<\/strong><\/p>\n<p>[\/vc_column_text]<\/div><\/div><div class=\"gem-textbox-bottom gem-textbox-bottom-flag\"><svg viewBox=\"0 0 1000 20\" preserveAspectRatio=\"none\" width=\"100%\" height=\"20\" style=\"fill: #d1f29d;\"><path d=\"M 0,-0.5 0,20 500,0 1000,20 1000,-0.5\" \/><\/svg><\/div><\/div>[\/vc_column][\/vc_row]<\/p>\n<\/div>","protected":false},"excerpt":{"rendered":"<p>[vc_row][vc_column][vc_column_text] &nbsp; Y es as\u00ed Charli, que yo soy el primero en decir que las instituciones religiosas, escolares, los medios&#8230;<\/p>\n","protected":false},"author":1,"featured_media":0,"parent":0,"menu_order":0,"comment_status":"closed","ping_status":"closed","template":"","meta":{"footnotes":""},"class_list":["post-24586","page","type-page","status-publish"],"_links":{"self":[{"href":"https:\/\/avancso.org.gt\/violencias\/wp-json\/wp\/v2\/pages\/24586","targetHints":{"allow":["GET"]}}],"collection":[{"href":"https:\/\/avancso.org.gt\/violencias\/wp-json\/wp\/v2\/pages"}],"about":[{"href":"https:\/\/avancso.org.gt\/violencias\/wp-json\/wp\/v2\/types\/page"}],"author":[{"embeddable":true,"href":"https:\/\/avancso.org.gt\/violencias\/wp-json\/wp\/v2\/users\/1"}],"replies":[{"embeddable":true,"href":"https:\/\/avancso.org.gt\/violencias\/wp-json\/wp\/v2\/comments?post=24586"}],"version-history":[{"count":16,"href":"https:\/\/avancso.org.gt\/violencias\/wp-json\/wp\/v2\/pages\/24586\/revisions"}],"predecessor-version":[{"id":25193,"href":"https:\/\/avancso.org.gt\/violencias\/wp-json\/wp\/v2\/pages\/24586\/revisions\/25193"}],"wp:attachment":[{"href":"https:\/\/avancso.org.gt\/violencias\/wp-json\/wp\/v2\/media?parent=24586"}],"curies":[{"name":"wp","href":"https:\/\/api.w.org\/{rel}","templated":true}]}}