{"id":24589,"date":"2019-10-15T15:46:31","date_gmt":"2019-10-15T15:46:31","guid":{"rendered":"https:\/\/avancso.org.gt\/sexoraza\/?page_id=24589"},"modified":"2020-01-16T02:21:28","modified_gmt":"2020-01-16T02:21:28","slug":"violencia","status":"publish","type":"page","link":"https:\/\/avancso.org.gt\/violencias\/violencia\/","title":{"rendered":"Violencia"},"content":{"rendered":"<div class=\"wpb-content-wrapper\"><p>[vc_row][vc_column][vc_column_text]<\/p>\n<h3>\u00a1Desnaturalizar y desaprender!<\/h3>\n<p><img decoding=\"async\" class=\"alignleft size-medium wp-image-24880\" src=\"https:\/\/avancso.org.gt\/violencias\/wp-content\/uploads\/2019\/11\/ada-200-1-153x300.png\" alt=\"\" width=\"153\" height=\"300\" srcset=\"https:\/\/avancso.org.gt\/violencias\/wp-content\/uploads\/2019\/11\/ada-200-1-153x300.png 153w, https:\/\/avancso.org.gt\/violencias\/wp-content\/uploads\/2019\/11\/ada-200-1.png 200w\" sizes=\"(max-width: 153px) 100vw, 153px\" \/><\/p>\n<p>&nbsp;<\/p>\n<p>En la sesi\u00f3n en la escuela nos contaron que estar\u00e1n utilizando el libro<a href=\"http:\/\/lacalle.ocacgt.org\" target=\"_blank\" rel=\"noopener noreferrer\"> <em>La calle donde quiero ser libre <\/em><\/a>para abordar algunos temas importantes con nuestros hijxs. Entonces, me tom\u00e9 el tiempo de leer y esto encontr\u00e9 esta p\u00e1gina, rev\u00edsala: <a href=\"http:\/\/lacalle.ocacgt.org\/violencia-normal\/\" target=\"_blank\" rel=\"noopener noreferrer\">\u00bfViolencia normal?<\/a>[\/vc_column_text][\/vc_column][\/vc_row][vc_row][vc_column][vc_column_text]<img decoding=\"async\" class=\"size-full wp-image-24881 alignright\" src=\"https:\/\/avancso.org.gt\/violencias\/wp-content\/uploads\/2019\/11\/adaB2-200.png\" alt=\"\" width=\"200\" height=\"188\" \/>Entonces, me di cuenta de que la violencia no es normal y de que seguramente hay muchas formas de violencia de las cuales yo ni me he dado cuenta. Por eso es por lo que me preocupa que mis hijas la vivan.<\/p>\n<p>Investigu\u00e9 m\u00e1s y esto encontr\u00e9:<\/p>\n<p>[\/vc_column_text][\/vc_column][\/vc_row][vc_row][vc_column][vc_tta_accordion][vc_tta_section add_icon=\u00bbtrue\u00bb title=\u00bbLa violencia es estrat\u00e9gica o t\u00e1ctica\u00bb tab_id=\u00bb1573180173601-22e251a8-86b8&#8243; i_icon_elegant=\u00bbgem-print-icon gem-icon-pack-elegant arrow_carrot-2right_alt2&#8243;][vc_column_text]Seg\u00fan Judith Butler la violencia no solo es estrat\u00e9gica o t\u00e1ctica, sino que forma al sujeto y se convierte en sus posibilidades constitutivas (2010: 228). Por lo que se infiere que violencia no es solo la que se ejerce f\u00edsica, psicol\u00f3gica o emocionalmente sino tambi\u00e9n es constitutiva de la subjetividad.<br \/>\nObserva este cortometraje que se llama \u201cEl orden de las cosas\u201d y mientras lo ves piensa: \u00bfC\u00f3mo la violencia se vuelve parte de lo que los sujetos son?<\/p>\n<p style=\"text-align: center;\"><iframe src=\"https:\/\/www.youtube.com\/embed\/hfGsrMBsX1Q\" width=\"560\" height=\"315\" frameborder=\"0\" allowfullscreen=\"allowfullscreen\"><\/iframe><\/p>\n<p>[\/vc_column_text][\/vc_tta_section][vc_tta_section add_icon=\u00bbtrue\u00bb title=\u00bbEstamos formados por la violencia\u00bb tab_id=\u00bb1573180173641-1820df0c-93b6&#8243; i_icon_elegant=\u00bbgem-print-icon gem-icon-pack-elegant arrow_carrot-2right_alt2&#8243;][vc_column_text]\u00ab(&#8230;) estamos formados por la violencia, al menos parcialmente. Se nos dan g\u00e9neros y categor\u00edas sociales en contra de nuestra voluntad, y estas categor\u00edas confieren inteligibilidad o reconocibilidad, lo que significa que tambi\u00e9n comunican cuales podr\u00edan ser los riesgos sociales de la ininteligibilidad, o de la inteligibilidad parcial\u00bb. (Butler, 2010)[1]<\/p>\n<p>&nbsp;<\/p>\n<p>Con esta cita nos referimos a que las formas en las que imposici\u00f3n de ciertas categor\u00edas o identidades con que adquiere sentido nuestra subjetividad son modos, en s\u00ed mismas, de violencia. A partir de estas categor\u00edas asignadas se nos ubica en un lugar del espectro social. De este lugar depende nuestro reconocimiento como vidas plenas o vidas despojables. Un ejemplo podr\u00edan ser las personas ind\u00edgenas que han sido sistem\u00e1ticamente sometidas a condiciones precarias por habitar un cuerpo ind\u00edgena que no goza la misma legibilidad que un cuerpo blanco. O las mujeres trans cuya esperanza de vida no supera los 35 a\u00f1os precisamente porque lo trans es legible \u00fanicamente como patolog\u00eda o desviaci\u00f3n.<\/p>\n<p>Veamos la experiencia de tres personas y reflexiona sobre la idea que se puso antes:<\/p>\n<p style=\"text-align: center;\"><iframe src=\"https:\/\/www.youtube.com\/embed\/FjjC3mqYJkk\" width=\"560\" height=\"315\" frameborder=\"0\" allowfullscreen=\"allowfullscreen\"><\/iframe><\/p>\n<p>[1] Butler, J. (2010). Marcos de guerra. Las vidas lloradas. Paid\u00f3s: M\u00e9xico D.F[\/vc_column_text][\/vc_tta_section][vc_tta_section add_icon=\u00bbtrue\u00bb title=\u00bbEl g\u00e9nero es violencia\u00bb tab_id=\u00bb1573180489062-ac28e265-065c\u00bb i_icon_elegant=\u00bbgem-print-icon gem-icon-pack-elegant arrow_carrot-2right_alt2&#8243;][vc_column_text]Si el g\u00e9nero es entendido como una sedimentaci\u00f3n normativa de lo masculino y lo femenino entonces el g\u00e9nero es violencia. No existe violencia de g\u00e9nero, el g\u00e9nero mismo es violencia, afirma Paul Preciado.<\/p>\n<p>El cortometraje \u00abEl orden de las cosas\u00bb, se afirma \u201ccontra la violencia de g\u00e9nero\u201d, pero si te das cuenta todos los roles que se le asignaron a cada personaje al asignarles un g\u00e9nero, los conden\u00f3 a reproducir estas formas de violencia. Entonces, la violencia es que te pongan ese g\u00e9nero, porque el g\u00e9nero viene acompa\u00f1ado de todos esos roles y est\u00e1ndares a seguir que en s\u00ed mismos garantizan que haya relaciones desiguales de poder, entonces se te violenta desde el momento en que se te condena a ejercer la violencia.[\/vc_column_text][\/vc_tta_section][\/vc_tta_accordion][\/vc_column][\/vc_row][vc_row][vc_column width=\u00bb1\/2&#8243;]<div class=\"gem-button-container gem-button-position-center\"><a title=\"Violencia\" class=\"gem-button gem-button-size-small gem-button-style-flat gem-button-text-weight-normal gem-button-icon-position-left\" style=\"border-radius: 3px;\" onmouseleave=\"\" onmouseenter=\"\" href=\"https:\/\/avancso.org.gt\/violencias\/pf\/violencia\/\" target=\"_self\"><i class=\"gem-print-icon gem-icon-pack-elegant\">&#x23;<\/i>Regresa<\/a><\/div> [\/vc_column][vc_column width=\u00bb1\/2&#8243;]<div class=\"gem-button-container gem-button-position-center\"><a title=\"Sexo-pol\u00edtica \u00bfQu\u00e9 opinas?\" class=\"gem-button gem-button-size-small gem-button-style-flat gem-button-text-weight-normal gem-button-icon-position-right\" style=\"border-radius: 3px;\" onmouseleave=\"\" onmouseenter=\"\" href=\"https:\/\/avancso.org.gt\/violencias\/violencia-que-opinas\/\" target=\"_self\">Contin\u00faa<i class=\"gem-print-icon gem-icon-pack-elegant\">&#x24;<\/i><\/a><\/div> [\/vc_column][\/vc_row]<\/p>\n<\/div>","protected":false},"excerpt":{"rendered":"<p>[vc_row][vc_column][vc_column_text] \u00a1Desnaturalizar y desaprender! &nbsp; En la sesi\u00f3n en la escuela nos contaron que estar\u00e1n utilizando el libro La calle&#8230;<\/p>\n","protected":false},"author":1,"featured_media":0,"parent":0,"menu_order":0,"comment_status":"closed","ping_status":"closed","template":"","meta":{"footnotes":""},"class_list":["post-24589","page","type-page","status-publish"],"_links":{"self":[{"href":"https:\/\/avancso.org.gt\/violencias\/wp-json\/wp\/v2\/pages\/24589","targetHints":{"allow":["GET"]}}],"collection":[{"href":"https:\/\/avancso.org.gt\/violencias\/wp-json\/wp\/v2\/pages"}],"about":[{"href":"https:\/\/avancso.org.gt\/violencias\/wp-json\/wp\/v2\/types\/page"}],"author":[{"embeddable":true,"href":"https:\/\/avancso.org.gt\/violencias\/wp-json\/wp\/v2\/users\/1"}],"replies":[{"embeddable":true,"href":"https:\/\/avancso.org.gt\/violencias\/wp-json\/wp\/v2\/comments?post=24589"}],"version-history":[{"count":19,"href":"https:\/\/avancso.org.gt\/violencias\/wp-json\/wp\/v2\/pages\/24589\/revisions"}],"predecessor-version":[{"id":25246,"href":"https:\/\/avancso.org.gt\/violencias\/wp-json\/wp\/v2\/pages\/24589\/revisions\/25246"}],"wp:attachment":[{"href":"https:\/\/avancso.org.gt\/violencias\/wp-json\/wp\/v2\/media?parent=24589"}],"curies":[{"name":"wp","href":"https:\/\/api.w.org\/{rel}","templated":true}]}}