{"id":24686,"date":"2019-10-15T21:02:34","date_gmt":"2019-10-15T21:02:34","guid":{"rendered":"https:\/\/avancso.org.gt\/sexoraza\/?page_id=24686"},"modified":"2021-08-16T23:41:22","modified_gmt":"2021-08-16T23:41:22","slug":"sexo-raza-accionar","status":"publish","type":"page","link":"https:\/\/avancso.org.gt\/violencias\/sexo-raza-accionar\/","title":{"rendered":"Sexo &#8211; raza \u00a1Accionar!"},"content":{"rendered":"<div class=\"wpb-content-wrapper\"><p>[vc_row][vc_column][vc_column_text][\/vc_column_text][\/vc_column][\/vc_row][vc_row][vc_column][vc_column_text]<img decoding=\"async\" class=\"size-full wp-image-25005 alignleft\" src=\"https:\/\/avancso.org.gt\/violencias\/wp-content\/uploads\/2019\/11\/sashaB-200.png\" alt=\"\" width=\"200\" height=\"188\" \/><\/p>\n<p>\u00bfVes Charli? Esas ideas que te transmiti\u00f3 tu maestrx sobre c\u00f3mo deb\u00edas decirle a otrxs o lo que te dijeron de c\u00f3mo vestirte para \u201cverte bien\u201d no salieron de la nada. Son producto del dispositivo sexo-raza.<\/p>\n<p>&nbsp;<\/p>\n<p style=\"text-align: right;\"><img decoding=\"async\" class=\"alignright wp-image-24884 size-full\" src=\"https:\/\/avancso.org.gt\/violencias\/wp-content\/uploads\/2019\/11\/charliB-200.png\" alt=\"\" width=\"180\" height=\"219\" \/><\/p>\n<p>&nbsp;<\/p>\n<p>&nbsp;<\/p>\n<p>&nbsp;<\/p>\n<p>&nbsp;<\/p>\n<p style=\"text-align: right;\">Ok Sasha, la verdad, tengo todav\u00eda muchas preguntas. Pero, me gustar\u00eda que todxs entendieran el dispositivo sexo-raza. \u00bfQu\u00e9 podemos hacer para que esto suceda?<\/p>\n<p>&nbsp;<\/p>\n<p>&nbsp;<\/p>\n<p>&nbsp;<\/p>\n<p>&nbsp;<\/p>\n<p>&nbsp;<\/p>\n<p><img decoding=\"async\" class=\"size-full wp-image-25005 alignleft\" src=\"https:\/\/avancso.org.gt\/violencias\/wp-content\/uploads\/2019\/11\/sashaB-200.png\" alt=\"\" width=\"200\" height=\"188\" \/><\/p>\n<p>&nbsp;<\/p>\n<p>Bueno, se me ocurren algunas ideas. Aqu\u00ed te van.[\/vc_column_text][\/vc_column][\/vc_row][vc_row][vc_column][vc_column_text][\/vc_column_text][\/vc_column][\/vc_row][vc_row][vc_column][vc_tta_accordion][vc_tta_section i_type=\u00bbfontawesome\u00bb i_icon_fontawesome=\u00bbfa fa-star\u00bb add_icon=\u00bbtrue\u00bb title=\u00bbIdea 1&#8243; tab_id=\u00bb1571173661123-78e53c13-6947&#8243;][vc_column_text]Crea expresiones (memes, comentarios, frases, mensajes) que lleven a familiares y a amigxs a la reflexi\u00f3n cr\u00edtica sobre el racismo y el sexismo, con las ideas aprendidas en el tablero.[\/vc_column_text][\/vc_tta_section][vc_tta_section i_type=\u00bbfontawesome\u00bb i_icon_fontawesome=\u00bbfa fa-star\u00bb add_icon=\u00bbtrue\u00bb title=\u00bbIdea 2&#8243; tab_id=\u00bb1571173661169-98dadfba-580f\u00bb][vc_column_text]<\/p>\n<ol>\n<li>Identificar a diversas personas y organizaciones con experiencia en denunciar y buscar justicia en casos de racismo y violencia contra mujeres ind\u00edgenas.<\/li>\n<li>Investigar sobre la historia de cada caso, las acciones ciudadanas desarrolladas para buscar justicia y promover la no repetici\u00f3n de estos hechos. Indagar tambi\u00e9n sobre la respuesta del Estado y la sociedad.<\/li>\n<li>Analizar las formas concretas y diferenciadas en que se manifiesta el racismo contra las mujeres y contra los hombres. Comparar estas reflexiones con la propuesta del video:<iframe src=\"https:\/\/www.youtube.com\/embed\/AxBRSdkjHvc\" width=\"560\" height=\"315\" frameborder=\"0\" allowfullscreen=\"allowfullscreen\"><\/iframe><\/li>\n<li>Organizar un video foro, en el parque o sal\u00f3n comunal, con la participaci\u00f3n de dos o tres personas de las organizaciones investigadas.<\/li>\n<li>Motivar a la poblaci\u00f3n asistente a comentar sobre:<\/li>\n<\/ol>\n<ul>\n<li>\u00bfQu\u00e9 les hicieron sentir estas historias?<\/li>\n<li>\u00bfPor qu\u00e9 se ha discriminado y violentado a la poblaci\u00f3n ind\u00edgena y a las mujeres?<\/li>\n<li>\u00bfDe d\u00f3nde vienen esas pr\u00e1cticas? \u00bfCon qu\u00e9 ideas se justifican esas acciones?<\/li>\n<li>\u00bfC\u00f3mo nos afecta el racismo y sexismo en nuestras vidas, en la comunidad, en el pa\u00eds?<\/li>\n<li>\u00bfCu\u00e1les son las acciones que promueve la ciudadan\u00eda para exigir justicia en estos casos y no repetir estas historias?<\/li>\n<li>\u00bfQu\u00e9 podemos hacer desde el \u00e1mbito educativo?<\/li>\n<\/ul>\n<p>[\/vc_column_text][\/vc_tta_section][\/vc_tta_accordion][\/vc_column][\/vc_row][vc_row][vc_column][vc_column_text]<img decoding=\"async\" class=\"size-full wp-image-25005 alignleft\" src=\"https:\/\/avancso.org.gt\/violencias\/wp-content\/uploads\/2019\/11\/sashaB-200.png\" alt=\"\" width=\"200\" height=\"188\" \/><\/p>\n<p>&nbsp;<\/p>\n<p>Aunque ya te he explicado bastante Charli, tenemos que continuar. Si te apetece, acomp\u00e1\u00f1ame, te presentar\u00e9 a algunas personas que te clarificar\u00e1n m\u00e1s estas ideas. \u00bf\u00a1Qui\u00e9n sabe!? A lo mejor te ayuda a despertar.[\/vc_column_text][\/vc_column][\/vc_row][vc_row][vc_column]<div class=\"gem-button-container gem-button-position-center\"><a title=\"Sexo-raza\" class=\"gem-button gem-button-size-small gem-button-style-flat gem-button-text-weight-normal gem-button-icon-position-left\" style=\"border-radius: 3px;\" onmouseleave=\"\" onmouseenter=\"\" href=\"https:\/\/avancso.org.gt\/violencias\/sexo-raza-que-opinas\/\" target=\"_self\"><i class=\"gem-print-icon gem-icon-pack-elegant\">&#x23;<\/i>Regresa<\/a><\/div> [\/vc_column][\/vc_row][vc_row][vc_column]<div class=\"gem-textbox \"  ><div class=\"gem-textbox-top gem-textbox-top-flag\"><svg viewBox=\"0 0 1000 20\" preserveAspectRatio=\"none\" width=\"100%\" height=\"20\" style=\"fill: #f4c6c1;\"><path d=\"M 0,20.5 0,0 500,20.5 1000,0 1000,20.5\" \/><\/svg><\/div><div class=\"gem-textbox-inner\" style=\"\"><div class=\"gem-textbox-content\" style=\"background-color: #f4c6c1;background-position: center top;\">[vc_column_text]<\/p>\n<p style=\"text-align: center;\">Si ya terminaste con este m\u00f3dulo, te recomendamos continuar con: <a href=\"https:\/\/avancso.org.gt\/violencias\/pf\/orden-colonial\/\">Orden colonial<\/a>.<\/p>\n<p>[\/vc_column_text]<\/div><\/div><div class=\"gem-textbox-bottom gem-textbox-bottom-flag\"><svg viewBox=\"0 0 1000 20\" preserveAspectRatio=\"none\" width=\"100%\" height=\"20\" style=\"fill: #f4c6c1;\"><path d=\"M 0,-0.5 0,20 500,0 1000,20 1000,-0.5\" \/><\/svg><\/div><\/div>[\/vc_column][\/vc_row]<\/p>\n<\/div>","protected":false},"excerpt":{"rendered":"<p>[vc_row][vc_column][vc_column_text][\/vc_column_text][\/vc_column][\/vc_row][vc_row][vc_column][vc_column_text] \u00bfVes Charli? Esas ideas que te transmiti\u00f3 tu maestrx sobre c\u00f3mo deb\u00edas decirle a otrxs o lo que te&#8230;<\/p>\n","protected":false},"author":1,"featured_media":0,"parent":0,"menu_order":0,"comment_status":"closed","ping_status":"closed","template":"","meta":{"footnotes":""},"class_list":["post-24686","page","type-page","status-publish"],"_links":{"self":[{"href":"https:\/\/avancso.org.gt\/violencias\/wp-json\/wp\/v2\/pages\/24686","targetHints":{"allow":["GET"]}}],"collection":[{"href":"https:\/\/avancso.org.gt\/violencias\/wp-json\/wp\/v2\/pages"}],"about":[{"href":"https:\/\/avancso.org.gt\/violencias\/wp-json\/wp\/v2\/types\/page"}],"author":[{"embeddable":true,"href":"https:\/\/avancso.org.gt\/violencias\/wp-json\/wp\/v2\/users\/1"}],"replies":[{"embeddable":true,"href":"https:\/\/avancso.org.gt\/violencias\/wp-json\/wp\/v2\/comments?post=24686"}],"version-history":[{"count":21,"href":"https:\/\/avancso.org.gt\/violencias\/wp-json\/wp\/v2\/pages\/24686\/revisions"}],"predecessor-version":[{"id":24690,"href":"https:\/\/avancso.org.gt\/violencias\/wp-json\/wp\/v2\/pages\/24686\/revisions\/24690"}],"wp:attachment":[{"href":"https:\/\/avancso.org.gt\/violencias\/wp-json\/wp\/v2\/media?parent=24686"}],"curies":[{"name":"wp","href":"https:\/\/api.w.org\/{rel}","templated":true}]}}