{"id":24736,"date":"2019-11-06T20:11:15","date_gmt":"2019-11-06T20:11:15","guid":{"rendered":"https:\/\/avancso.org.gt\/sexoraza\/?page_id=24736"},"modified":"2019-11-26T19:19:10","modified_gmt":"2019-11-26T19:19:10","slug":"orden-colonial-accionar","status":"publish","type":"page","link":"https:\/\/avancso.org.gt\/violencias\/orden-colonial-accionar\/","title":{"rendered":"Orden colonial \u00a1Accionar!"},"content":{"rendered":"<div class=\"wpb-content-wrapper\"><p>[vc_row][vc_column][vc_column_text]<img decoding=\"async\" class=\"alignleft size-full wp-image-24884\" src=\"https:\/\/avancso.org.gt\/violencias\/wp-content\/uploads\/2019\/11\/charliB-200.png\" alt=\"\" width=\"180\" height=\"219\" \/><\/p>\n<p>&nbsp;<\/p>\n<p>Ren\u00e9, Sasha. Ya entiendo, \u00bfes posible que parte de mi confusi\u00f3n sea por esa b\u00fasqueda de ideal de blancura? Yo siempre he buscado ser el mejor y ser ejemplo, pero no s\u00e9 exactamente de qu\u00e9. \u00bfDe qu\u00e9 manera ha influido en m\u00ed? \u00a1Y pensar que viene desde tanto tiempo atr\u00e1s y est\u00e1 m\u00e1s vivo que nunca!<\/p>\n<p>&nbsp;<\/p>\n<p>&nbsp;<\/p>\n<p>&nbsp;<\/p>\n<p style=\"text-align: right;\"><img decoding=\"async\" class=\"alignright wp-image-24897 size-full\" src=\"https:\/\/avancso.org.gt\/violencias\/wp-content\/uploads\/2019\/11\/reneB-200.png\" alt=\"\" width=\"200\" height=\"195\" \/><\/p>\n<p>Tranquilx Charli, es un proceso. Justo as\u00ed me qued\u00e9 cuando termin\u00e9 el taller que me dio Sasha. Ten paciencia, ya te entender\u00e1s. Por el momento, te dejo unas ideas de c\u00f3mo podemos hacer que otrxs reflexionen sobre esto y, si las aplicas, tal vez tambi\u00e9n te puedan servir a ti.[\/vc_column_text][\/vc_column][\/vc_row][vc_row][vc_column][vc_tta_accordion][vc_tta_section add_icon=\u00bbtrue\u00bb title=\u00bbIdea 1&#8243; tab_id=\u00bb1573070921730-891d63af-0dfe\u00bb i_icon_elegant=\u00bbgem-print-icon gem-icon-pack-elegant icon_star\u00bb][vc_column_text]<\/p>\n<ol>\n<li>Investiga las demandas expresadas por la poblaci\u00f3n ind\u00edgena y ladino\/mestiza en las manifestaciones del 2015 para reformar el Estado de Guatemala.<\/li>\n<li>Selecciona las dos que consideres m\u00e1s relevantes para la poblaci\u00f3n ind\u00edgena y para la poblaci\u00f3n ladina\/mestiza, en cuanto a romper con todo lo que est\u00e1 vivo del orden colonial.<\/li>\n<li>Haz una propuesta de una acci\u00f3n para reducir las violencias racistas o colonialistas, que no sea muy compleja y que se pueda implementar en su cotidianidad.<\/li>\n<li>Comparte tus propuestas con familiares, amigxs o personas que creas que pueden implementar las acciones. Adem\u00e1s, \u00a1Inicia a implementarla!<\/li>\n<\/ol>\n<p>[\/vc_column_text][\/vc_tta_section][vc_tta_section add_icon=\u00bbtrue\u00bb title=\u00bbIdea 2&#8243; tab_id=\u00bb1573070921764-eedffbfe-d6fa\u00bb i_icon_elegant=\u00bbgem-print-icon gem-icon-pack-elegant icon_star\u00bb][vc_column_text]Revisa las siguientes preguntas y autoeval\u00faate<\/p>\n<ul>\n<li>\u00bfQu\u00e9 de lo que soy y hago responde al orden colonial?<\/li>\n<li>\u00bfQu\u00e9 quisiera cambiar en m\u00ed?<\/li>\n<li>\u00bfC\u00f3mo puedo cambiarlo?<\/li>\n<li>\u00bfQu\u00e9 necesito de otrxs para lograrlo?<\/li>\n<li>\u00bfC\u00f3mo puedo motivar a otrxs a buscar un cambio?<\/li>\n<\/ul>\n<p>[\/vc_column_text][\/vc_tta_section][\/vc_tta_accordion][\/vc_column][\/vc_row][vc_row][vc_column][vc_column_text]<img decoding=\"async\" class=\"size-full wp-image-25005 alignleft\" src=\"https:\/\/avancso.org.gt\/violencias\/wp-content\/uploads\/2019\/11\/sashaB-200.png\" alt=\"\" width=\"200\" height=\"188\" \/><\/p>\n<p>\u00a1Muchas gracias por tu ayuda Ren\u00e9! Ha sido un todo un gusto verte y ver c\u00f3mo aplicas lo que aprendes. Coincido contigo en que todo es un proceso, aunque hay momentos en los que hay que decidir e iniciar el cambio personal. Llevar\u00e9 a Charli con un par de amigos que creo que nos ayudar\u00e1n con esto. \u00bfNos vamos Charli?[\/vc_column_text][\/vc_column][\/vc_row][vc_row][vc_column]<div class=\"gem-button-container gem-button-position-center\"><a title=\"Orden colonial  \u00bfQu\u00e9 opinas?\" class=\"gem-button gem-button-size-small gem-button-style-flat gem-button-text-weight-normal gem-button-icon-position-left\" style=\"border-radius: 3px;\" onmouseleave=\"\" onmouseenter=\"\" href=\"https:\/\/avancso.org.gt\/violencias\/orden-colonial-que-opinas\/\" target=\"_self\"><i class=\"gem-print-icon gem-icon-pack-elegant\">&#x23;<\/i>Regresa<\/a><\/div> [\/vc_column][\/vc_row][vc_row][vc_column]<div class=\"gem-textbox \"  ><div class=\"gem-textbox-top gem-textbox-top-flag\"><svg viewBox=\"0 0 1000 20\" preserveAspectRatio=\"none\" width=\"100%\" height=\"20\" style=\"fill: #d2d3f4;\"><path d=\"M 0,20.5 0,0 500,20.5 1000,0 1000,20.5\" \/><\/svg><\/div><div class=\"gem-textbox-inner\" style=\"\"><div class=\"gem-textbox-content\" style=\"background-color: #d2d3f4;background-position: center top;\">[vc_column_text]<\/p>\n<p style=\"text-align: center;\"><strong>Al terminar este m\u00f3dulo te recomendamos continuar con: <a href=\"https:\/\/avancso.org.gt\/violencias\/pf\/raza\/\">Raza<\/a>.<\/strong><\/p>\n<p>[\/vc_column_text]<\/div><\/div><div class=\"gem-textbox-bottom gem-textbox-bottom-flag\"><svg viewBox=\"0 0 1000 20\" preserveAspectRatio=\"none\" width=\"100%\" height=\"20\" style=\"fill: #d2d3f4;\"><path d=\"M 0,-0.5 0,20 500,0 1000,20 1000,-0.5\" \/><\/svg><\/div><\/div>[\/vc_column][\/vc_row]<\/p>\n<\/div>","protected":false},"excerpt":{"rendered":"<p>[vc_row][vc_column][vc_column_text] &nbsp; Ren\u00e9, Sasha. Ya entiendo, \u00bfes posible que parte de mi confusi\u00f3n sea por esa b\u00fasqueda de ideal de&#8230;<\/p>\n","protected":false},"author":1,"featured_media":0,"parent":0,"menu_order":0,"comment_status":"closed","ping_status":"closed","template":"","meta":{"footnotes":""},"class_list":["post-24736","page","type-page","status-publish"],"_links":{"self":[{"href":"https:\/\/avancso.org.gt\/violencias\/wp-json\/wp\/v2\/pages\/24736","targetHints":{"allow":["GET"]}}],"collection":[{"href":"https:\/\/avancso.org.gt\/violencias\/wp-json\/wp\/v2\/pages"}],"about":[{"href":"https:\/\/avancso.org.gt\/violencias\/wp-json\/wp\/v2\/types\/page"}],"author":[{"embeddable":true,"href":"https:\/\/avancso.org.gt\/violencias\/wp-json\/wp\/v2\/users\/1"}],"replies":[{"embeddable":true,"href":"https:\/\/avancso.org.gt\/violencias\/wp-json\/wp\/v2\/comments?post=24736"}],"version-history":[{"count":17,"href":"https:\/\/avancso.org.gt\/violencias\/wp-json\/wp\/v2\/pages\/24736\/revisions"}],"predecessor-version":[{"id":25180,"href":"https:\/\/avancso.org.gt\/violencias\/wp-json\/wp\/v2\/pages\/24736\/revisions\/25180"}],"wp:attachment":[{"href":"https:\/\/avancso.org.gt\/violencias\/wp-json\/wp\/v2\/media?parent=24736"}],"curies":[{"name":"wp","href":"https:\/\/api.w.org\/{rel}","templated":true}]}}