{"id":24760,"date":"2019-11-06T21:41:37","date_gmt":"2019-11-06T21:41:37","guid":{"rendered":"https:\/\/avancso.org.gt\/sexoraza\/?page_id=24760"},"modified":"2019-11-26T19:47:26","modified_gmt":"2019-11-26T19:47:26","slug":"raza-accionar","status":"publish","type":"page","link":"https:\/\/avancso.org.gt\/violencias\/raza-accionar\/","title":{"rendered":"Raza \u00a1Accionar!"},"content":{"rendered":"<div class=\"wpb-content-wrapper\"><p>[vc_row][vc_column][vc_column_text]<img decoding=\"async\" class=\"size-full wp-image-25154 alignleft\" src=\"https:\/\/avancso.org.gt\/violencias\/wp-content\/uploads\/2019\/11\/alexB2-200.png\" alt=\"\" width=\"200\" height=\"188\" \/><\/p>\n<p>&nbsp;<\/p>\n<p>&nbsp;<\/p>\n<p>Ahora tal vez tiene m\u00e1s sentido el porqu\u00e9 nos miran as\u00ed. Esto de creer que hay razas, es una idea que se vuelve realidad y est\u00e1 actuando, hasta en las miradas.<\/p>\n<p>&nbsp;<\/p>\n<p>&nbsp;<\/p>\n<p style=\"text-align: right;\"><img decoding=\"async\" class=\"alignright wp-image-24906 size-full\" src=\"https:\/\/avancso.org.gt\/violencias\/wp-content\/uploads\/2019\/11\/pazB-200.png\" alt=\"\" width=\"217\" height=\"238\" \/><\/p>\n<p>&nbsp;<\/p>\n<p>Lo que s\u00ed es importante, Sasha, es que alguien le tiene que explicar a Charli que no se puede quedar indiferente. Conozco algunas personas que han hecho cosas para que otros desaprendan. Mir\u00e1 aqu\u00ed Charli.[\/vc_column_text][\/vc_column][\/vc_row][vc_row][vc_column][vc_tta_accordion][vc_tta_section add_icon=\u00bbtrue\u00bb title=\u00bbIdea 1&#8243; tab_id=\u00bb1573076649229-c98857b7-49c9&#8243; i_icon_elegant=\u00bbgem-print-icon gem-icon-pack-elegant icon_star\u00bb][vc_column_text]Se puede hacer una c\u00e1psula informativa radial dando a conocer:<\/p>\n<ul>\n<li>Manifestaciones de racismo de grupos poderosos hacia grupos discriminados durante la independencia, el conflicto armado interno y en la actualidad.<\/li>\n<li>Manifestaciones de racismo en el \u00e1mbito educativo<\/li>\n<li>Rutas para enfrentar casos de racismo en la actualidad en el \u00e1mbito educativo.<\/li>\n<li>Instituciones u organizaciones que brindan apoyo en casos de racismo.<\/li>\n<li>Pasos y lugares en donde puede ponerse una denuncia en caso de racismo.<\/li>\n<\/ul>\n<p>S\u00fabela en la web o comp\u00e1rtela en tus redes.[\/vc_column_text][\/vc_tta_section][vc_tta_section add_icon=\u00bbtrue\u00bb title=\u00bbIdea 2&#8243; tab_id=\u00bb1573076649265-ca705363-6c0e\u00bb i_icon_elegant=\u00bbgem-print-icon gem-icon-pack-elegant icon_star\u00bb][vc_column_text]Se pueden crear afiches o infograf\u00edas con la informaci\u00f3n que pone en evidencia que hay racismo en Guatemala y c\u00f3mo influye lo que aprendes y, sobre todo, que la idea de raza NO ES NATURAL, NI NORMAL Y ES INACEPTABLE.<\/p>\n<p>Aqu\u00ed hay una fuente de informaci\u00f3n, <a href=\"http:\/\/www.ine.gob.gt\/sistema\/uploads\/2015\/01\/26\/dLZ1KGs2MMMBGBKJyZajTFLspeLdkQXN.zip\" target=\"_blank\" rel=\"noopener noreferrer\">descarga: datos del INE<\/a>[\/vc_column_text][\/vc_tta_section][\/vc_tta_accordion][\/vc_column][\/vc_row][vc_row][vc_column][vc_column_text]<img decoding=\"async\" class=\"size-full wp-image-25005 alignleft\" src=\"https:\/\/avancso.org.gt\/violencias\/wp-content\/uploads\/2019\/11\/sashaB-200.png\" alt=\"\" width=\"200\" height=\"188\" \/><\/p>\n<p>\u00a1Por supuesto que s\u00ed Paz! \u00bfVes Charli? Est\u00e1s confundidx no solo porque no sabes qui\u00e9n eres, \u00a1La sociedad te ha dicho qui\u00e9n eres!, \u00a1Te ha dicho c\u00f3mo eres, qu\u00e9 tan superior eres y c\u00f3mo NO debes ser! As\u00ed, qui\u00e9n no se confunde. Pero, lo importante es deconstruir. \u00bfLes parece si vamos a la pl\u00e1tica? Creo que all\u00ed encontraremos otras cosas interesantes.[\/vc_column_text][\/vc_column][\/vc_row][vc_row][vc_column]<div class=\"gem-button-container gem-button-position-center\"><a title=\"Raza \u00bfQu\u00e9 opinas?\" class=\"gem-button gem-button-size-small gem-button-style-flat gem-button-text-weight-normal gem-button-icon-position-left\" style=\"border-radius: 3px;\" onmouseleave=\"\" onmouseenter=\"\" href=\"https:\/\/avancso.org.gt\/violencias\/raza-que-opinas\/\" target=\"_self\"><i class=\"gem-print-icon gem-icon-pack-elegant\">&#x23;<\/i>Regresa<\/a><\/div> [\/vc_column][\/vc_row][vc_row][vc_column]<div class=\"gem-textbox \"  ><div class=\"gem-textbox-top gem-textbox-top-flag\"><svg viewBox=\"0 0 1000 20\" preserveAspectRatio=\"none\" width=\"100%\" height=\"20\" style=\"fill: #e7f4c6;\"><path d=\"M 0,20.5 0,0 500,20.5 1000,0 1000,20.5\" \/><\/svg><\/div><div class=\"gem-textbox-inner\" style=\"\"><div class=\"gem-textbox-content\" style=\"background-color: #e7f4c6;background-position: center top;\">[vc_column_text]<\/p>\n<p style=\"text-align: center;\"><strong>Te recomendamos continuar con el m\u00f3dulo: <a href=\"https:\/\/avancso.org.gt\/violencias\/pf\/sexo\/\">Sexo<\/a>.<\/strong><\/p>\n<p>[\/vc_column_text]<\/div><\/div><div class=\"gem-textbox-bottom gem-textbox-bottom-flag\"><svg viewBox=\"0 0 1000 20\" preserveAspectRatio=\"none\" width=\"100%\" height=\"20\" style=\"fill: #e7f4c6;\"><path d=\"M 0,-0.5 0,20 500,0 1000,20 1000,-0.5\" \/><\/svg><\/div><\/div>[\/vc_column][\/vc_row]<\/p>\n<\/div>","protected":false},"excerpt":{"rendered":"<p>[vc_row][vc_column][vc_column_text] &nbsp; &nbsp; Ahora tal vez tiene m\u00e1s sentido el porqu\u00e9 nos miran as\u00ed. Esto de creer que hay razas,&#8230;<\/p>\n","protected":false},"author":1,"featured_media":0,"parent":0,"menu_order":0,"comment_status":"closed","ping_status":"closed","template":"","meta":{"footnotes":""},"class_list":["post-24760","page","type-page","status-publish"],"_links":{"self":[{"href":"https:\/\/avancso.org.gt\/violencias\/wp-json\/wp\/v2\/pages\/24760","targetHints":{"allow":["GET"]}}],"collection":[{"href":"https:\/\/avancso.org.gt\/violencias\/wp-json\/wp\/v2\/pages"}],"about":[{"href":"https:\/\/avancso.org.gt\/violencias\/wp-json\/wp\/v2\/types\/page"}],"author":[{"embeddable":true,"href":"https:\/\/avancso.org.gt\/violencias\/wp-json\/wp\/v2\/users\/1"}],"replies":[{"embeddable":true,"href":"https:\/\/avancso.org.gt\/violencias\/wp-json\/wp\/v2\/comments?post=24760"}],"version-history":[{"count":13,"href":"https:\/\/avancso.org.gt\/violencias\/wp-json\/wp\/v2\/pages\/24760\/revisions"}],"predecessor-version":[{"id":25186,"href":"https:\/\/avancso.org.gt\/violencias\/wp-json\/wp\/v2\/pages\/24760\/revisions\/25186"}],"wp:attachment":[{"href":"https:\/\/avancso.org.gt\/violencias\/wp-json\/wp\/v2\/media?parent=24760"}],"curies":[{"name":"wp","href":"https:\/\/api.w.org\/{rel}","templated":true}]}}