{"id":24794,"date":"2019-11-08T00:34:26","date_gmt":"2019-11-08T00:34:26","guid":{"rendered":"https:\/\/avancso.org.gt\/sexoraza\/?page_id=24794"},"modified":"2019-11-26T20:17:24","modified_gmt":"2019-11-26T20:17:24","slug":"genero-accionar","status":"publish","type":"page","link":"https:\/\/avancso.org.gt\/violencias\/genero-accionar\/","title":{"rendered":"G\u00e9nero \u00a1Accionar!"},"content":{"rendered":"<div class=\"wpb-content-wrapper\"><p>[vc_row][vc_column][vc_column_text]<img decoding=\"async\" class=\"size-full wp-image-25005 alignleft\" src=\"https:\/\/avancso.org.gt\/violencias\/wp-content\/uploads\/2019\/11\/sashaB-200.png\" alt=\"\" width=\"200\" height=\"188\" \/>\u00bfTe das cuenta Charli? No solo es el tema del sexo, como lo platicamos con Judith. Est\u00e1n todas las implicaciones que tiene para una persona la asignaci\u00f3n del g\u00e9nero. Todos los roles, comportamientos esperados y funciones que \u201cdeber\u00edas de seguir\u201d, se te imponen. \u00bfQu\u00e9 crees que provoc\u00f3 en ti haber respondido a esa imposici\u00f3n sin cuestionamiento o sin convicci\u00f3n? \u00bfInfluye en tu confusi\u00f3n?<\/p>\n<p>&nbsp;<\/p>\n<p>&nbsp;<\/p>\n<p><img decoding=\"async\" class=\"size-full wp-image-24884 alignright\" src=\"https:\/\/avancso.org.gt\/violencias\/wp-content\/uploads\/2019\/11\/charliB-200.png\" alt=\"\" width=\"180\" height=\"219\" \/><\/p>\n<p>&nbsp;<\/p>\n<p>&nbsp;<\/p>\n<p style=\"text-align: right;\">No solo son la fuente de mi confusi\u00f3n Sasha, me han generado inseguridades y de verdad que me he esforzado por ser todo lo que mis pap\u00e1s, la escuela, la iglesia y todos alrededor me dicen qu\u00e9 tengo que ser. \u00bfC\u00f3mo le hiciste t\u00fa, Montserrat?<\/p>\n<p>&nbsp;<\/p>\n<p>&nbsp;<\/p>\n<p>&nbsp;<\/p>\n<p>&nbsp;<\/p>\n<p style=\"text-align: right;\"><img decoding=\"async\" class=\"size-full wp-image-24891 alignleft\" src=\"https:\/\/avancso.org.gt\/violencias\/wp-content\/uploads\/2019\/11\/montserratB-200.png\" alt=\"\" width=\"200\" height=\"168\" \/><\/p>\n<p>&nbsp;<\/p>\n<p style=\"text-align: left;\">Pues no fue f\u00e1cil Charli, pero hice algunos ejercicios. Tal vez te podr\u00edan servir.<\/p>\n<p>[\/vc_column_text][\/vc_column][\/vc_row][vc_row][vc_column][vc_tta_accordion][vc_tta_section add_icon=\u00bbtrue\u00bb title=\u00bbIdea 1&#8243; tab_id=\u00bb1573174936519-28fd9505-dd7f\u00bb i_icon_elegant=\u00bbgem-print-icon gem-icon-pack-elegant icon_star\u00bb][vc_column_text]La identidad de g\u00e9nero es un proceso cambiante a lo largo de la vida, en funci\u00f3n de las experiencias vitales, el entorno y las condiciones sociales, culturales y econ\u00f3micas.<\/p>\n<p>Para que exista una vivencia de la sexualidad sana y responsable se requieren espacios de di\u00e1logo y reflexi\u00f3n, educaci\u00f3n integral en sexualidad, construcci\u00f3n de relaciones equitativas, ambientes de respeto, vivir sin violencias, autonom\u00eda, libertad para decidir y posibilidades de desarrollo humano pleno.<\/p>\n<p>&nbsp;<\/p>\n<p>Puedes indagar grupalmente sobre historias de personas que eligieron vivir fuera de la alineaci\u00f3n sexo-g\u00e9nero-sexualidad tradicional de lo \u201cheteronormativo\u201d. Indagar sobre las condiciones que le permitieron construir esos cambios, la vivencia de su sexualidad, las reflexiones, conflictos, resistencias, apoyos y posibilidades que han encontrado.<\/p>\n<ul>\n<li>\u00bfCu\u00e1les son los roles que la sociedad espera que cumplan las mujeres? \u00bfCu\u00e1les son los roles que la sociedad espera cumplan los hombres?<\/li>\n<li>\u00bfC\u00f3mo influye la raza en la vivencia de la sexualidad de mujeres y hombres?<\/li>\n<li>\u00bfQu\u00e9 inquietudes nos provocan las personas que viven desde roles diferentes a los esperados socialmente?<\/li>\n<li>\u00bfPor qu\u00e9 existen profundas resistencias a que vivan su identidad de g\u00e9nero desde roles elegidos?<\/li>\n<li>\u00bfSe nace mujer u hombre o se aprende a ser mujer o hombre?<\/li>\n<li>\u00bfQu\u00e9 se necesita para elegir roles que permitan vivir de manera sana, responsable y libre?<\/li>\n<\/ul>\n<p>Compara esta historia con la tuya. Ahora, cuenta tu propia historia, podr\u00edas escribirla, narrarla e incluso hacerla como un comic.[\/vc_column_text][\/vc_tta_section][vc_tta_section add_icon=\u00bbtrue\u00bb title=\u00bbIdea 2&#8243; tab_id=\u00bb1573174936550-8b1204fc-6b2d\u00bb i_icon_elegant=\u00bbgem-print-icon gem-icon-pack-elegant icon_star\u00bb][vc_column_text]\u00a1Transformando las tecnolog\u00edas que producen y reproducen el g\u00e9nero! Mira este video hasta el minuto 3:55 (si quieres seguir, \u00a1adelante!)<\/p>\n<p style=\"text-align: center;\"><iframe src=\"https:\/\/www.youtube.com\/embed\/7vXlHhWgtrA\" width=\"560\" height=\"315\" frameborder=\"0\" allowfullscreen=\"allowfullscreen\"><\/iframe><\/p>\n<p>Inventa tus nuevas pr\u00e1cticas, cuestiona y explica qui\u00e9n eres no lo que se te impuso. Puedes producir lo que desees: un poema, un dibujo, un reportaje, un video, una canci\u00f3n. \u00a1Lo que desees! Cuenta qui\u00e9n eres, cu\u00e1les son los roles a los que te rebelas o los que quieras transformar.[\/vc_column_text][\/vc_tta_section][\/vc_tta_accordion][\/vc_column][\/vc_row][vc_row][vc_column][vc_column_text]<img decoding=\"async\" class=\"size-full wp-image-24884 alignleft\" src=\"https:\/\/avancso.org.gt\/violencias\/wp-content\/uploads\/2019\/11\/charliB-200.png\" alt=\"\" width=\"180\" height=\"219\" \/>\u00a1Ohhh! Qu\u00e9 liberador Sasha, hice los ejercicios que me recomend\u00f3 Montserrat y ya quiero seguir aprendiendo. \u00bfMe cuentas m\u00e1s?[\/vc_column_text][\/vc_column][\/vc_row][vc_row][vc_column]<div class=\"gem-button-container gem-button-position-center lazy-loading\"><a title=\"G\u00e9nero\" class=\"gem-button gem-button-size-small gem-button-style-flat gem-button-text-weight-normal gem-button-icon-position-left lazy-loading-item\"data-ll-effect=\"drop-right-without-wrap\" style=\"border-radius: 3px;\" onmouseleave=\"\" onmouseenter=\"\" href=\"https:\/\/avancso.org.gt\/violencias\/genero\/\" target=\"_self\"><i class=\"gem-print-icon gem-icon-pack-elegant\">&#x23;<\/i>Regresa<\/a><\/div> [\/vc_column][\/vc_row][vc_row][vc_column]<div class=\"gem-textbox \"  ><div class=\"gem-textbox-top gem-textbox-top-flag\"><svg viewBox=\"0 0 1000 20\" preserveAspectRatio=\"none\" width=\"100%\" height=\"20\" style=\"fill: #e8f9bb;\"><path d=\"M 0,20.5 0,0 500,20.5 1000,0 1000,20.5\" \/><\/svg><\/div><div class=\"gem-textbox-inner\" style=\"\"><div class=\"gem-textbox-content\" style=\"background-color: #e8f9bb;background-position: center top;\">[vc_column_text]<\/p>\n<p style=\"text-align: center;\"><strong>Ahora contin\u00faa con el m\u00f3dulo: <a href=\"https:\/\/avancso.org.gt\/violencias\/pf\/sexo-politica\/\">Sexo-pol\u00edtica<\/a>.<\/strong><\/p>\n<p>[\/vc_column_text]<\/div><\/div><div class=\"gem-textbox-bottom gem-textbox-bottom-flag\"><svg viewBox=\"0 0 1000 20\" preserveAspectRatio=\"none\" width=\"100%\" height=\"20\" style=\"fill: #e8f9bb;\"><path d=\"M 0,-0.5 0,20 500,0 1000,20 1000,-0.5\" \/><\/svg><\/div><\/div>[\/vc_column][\/vc_row]<\/p>\n<\/div>","protected":false},"excerpt":{"rendered":"<p>[vc_row][vc_column][vc_column_text]\u00bfTe das cuenta Charli? No solo es el tema del sexo, como lo platicamos con Judith. Est\u00e1n todas las implicaciones&#8230;<\/p>\n","protected":false},"author":1,"featured_media":0,"parent":0,"menu_order":0,"comment_status":"closed","ping_status":"closed","template":"","meta":{"footnotes":""},"class_list":["post-24794","page","type-page","status-publish"],"_links":{"self":[{"href":"https:\/\/avancso.org.gt\/violencias\/wp-json\/wp\/v2\/pages\/24794","targetHints":{"allow":["GET"]}}],"collection":[{"href":"https:\/\/avancso.org.gt\/violencias\/wp-json\/wp\/v2\/pages"}],"about":[{"href":"https:\/\/avancso.org.gt\/violencias\/wp-json\/wp\/v2\/types\/page"}],"author":[{"embeddable":true,"href":"https:\/\/avancso.org.gt\/violencias\/wp-json\/wp\/v2\/users\/1"}],"replies":[{"embeddable":true,"href":"https:\/\/avancso.org.gt\/violencias\/wp-json\/wp\/v2\/comments?post=24794"}],"version-history":[{"count":11,"href":"https:\/\/avancso.org.gt\/violencias\/wp-json\/wp\/v2\/pages\/24794\/revisions"}],"predecessor-version":[{"id":25191,"href":"https:\/\/avancso.org.gt\/violencias\/wp-json\/wp\/v2\/pages\/24794\/revisions\/25191"}],"wp:attachment":[{"href":"https:\/\/avancso.org.gt\/violencias\/wp-json\/wp\/v2\/media?parent=24794"}],"curies":[{"name":"wp","href":"https:\/\/api.w.org\/{rel}","templated":true}]}}