{"id":24829,"date":"2019-11-08T02:41:06","date_gmt":"2019-11-08T02:41:06","guid":{"rendered":"https:\/\/avancso.org.gt\/sexoraza\/?page_id=24829"},"modified":"2019-12-11T01:43:43","modified_gmt":"2019-12-11T01:43:43","slug":"violencia-accionar","status":"publish","type":"page","link":"https:\/\/avancso.org.gt\/violencias\/violencia-accionar\/","title":{"rendered":"Violencia \u00a1Accionar!"},"content":{"rendered":"<div class=\"wpb-content-wrapper\"><p>[vc_row][vc_column][vc_tta_accordion][vc_tta_section add_icon=\u00bbtrue\u00bb title=\u00bbIdea 1&#8243; tab_id=\u00bb1573181005530-176e71f0-1802&#8243; i_icon_elegant=\u00bbgem-print-icon gem-icon-pack-elegant icon_star\u00bb][vc_column_text]Haz una evaluaci\u00f3n de lo que se te asign\u00f3 en la vida a partir del sexo y g\u00e9nero y que la sociedad te impuso:<\/p>\n<ul>\n<li>\u00bfQu\u00e9 se te ense\u00f1\u00f3?<\/li>\n<li>\u00bfQu\u00e9 violencia has sufrido?<\/li>\n<li>\u00bfHay algo que quieras desaprender?<\/li>\n<\/ul>\n<p>[\/vc_column_text][\/vc_tta_section][vc_tta_section add_icon=\u00bbtrue\u00bb title=\u00bbIdea 2&#8243; tab_id=\u00bb1573181005553-64fcc641-d095&#8243; i_icon_elegant=\u00bbgem-print-icon gem-icon-pack-elegant icon_star\u00bb][vc_column_text]\u201cYo soy quien yo quiero ser\u201d. Escribe una carta a la sociedad en la que puedas decirle qui\u00e9n eres, qu\u00e9 no quieres ser y por qu\u00e9 eres como eres. La idea es que sea un ejercicio que te ayude a reafirmar a ti mismo lo que eres y de qu\u00e9 te quieres liberar.[\/vc_column_text][\/vc_tta_section][\/vc_tta_accordion][\/vc_column][\/vc_row][vc_row][vc_column][vc_column_text]<img decoding=\"async\" class=\"alignleft size-full wp-image-24881\" src=\"https:\/\/avancso.org.gt\/violencias\/wp-content\/uploads\/2019\/11\/adaB2-200.png\" alt=\"\" width=\"200\" height=\"188\" \/><\/p>\n<p>&nbsp;<\/p>\n<p>\u00bfVes? Hay mucho que reflexionar y revisar, yo misma me estoy cuestionando qu\u00e9 es lo que le ense\u00f1o a mis hijas y si realmente eso es lo que quiero. Pero bueno, te dejo que ya van a salir. \u00a1Gusto de conocerte Sasha!<\/p>\n<p>&nbsp;<\/p>\n<p>&nbsp;<\/p>\n<p>&nbsp;<\/p>\n<p>&nbsp;<\/p>\n<p><img decoding=\"async\" class=\"size-full wp-image-25005 alignleft\" src=\"https:\/\/avancso.org.gt\/violencias\/wp-content\/uploads\/2019\/11\/sashaB-200.png\" alt=\"\" width=\"200\" height=\"188\" \/><\/p>\n<p>&nbsp;<\/p>\n<p>\u00bfC\u00f3mo te sientes Charli?<\/p>\n<p>&nbsp;<\/p>\n<p>&nbsp;<\/p>\n<p>&nbsp;<\/p>\n<p>&nbsp;<\/p>\n<p>&nbsp;<\/p>\n<p style=\"text-align: right;\"><img decoding=\"async\" class=\"alignright wp-image-24884 size-full\" src=\"https:\/\/avancso.org.gt\/violencias\/wp-content\/uploads\/2019\/11\/charliB-200.png\" alt=\"\" width=\"180\" height=\"219\" \/><\/p>\n<p>&nbsp;<\/p>\n<p style=\"text-align: right;\">\u00a1Yo soy lo que quiero ser Sasha! \u00bfA qu\u00e9 t\u00fa tampoco sab\u00edas todo lo que aprend\u00ed? Aunque no es suficiente para cambiarlo todo, s\u00ed es un inicio. Por lo pronto, yo voy a vivir para ser libre y aprender\u00e9 a liberarme: \u00bfQu\u00e9 har\u00e1s t\u00fa?<\/p>\n<p>[\/vc_column_text][\/vc_column][\/vc_row][vc_row][vc_column]<div class=\"gem-button-container gem-button-position-center\"><a title=\"Violencia \u00bfQu\u00e9 opinas?\" class=\"gem-button gem-button-size-small gem-button-style-flat gem-button-text-weight-normal gem-button-icon-position-left\" style=\"border-radius: 3px;\" onmouseleave=\"\" onmouseenter=\"\" href=\"https:\/\/avancso.org.gt\/violencias\/violencia-que-opinas\/\" target=\"_self\"><i class=\"gem-print-icon gem-icon-pack-elegant\">&#x23;<\/i>Regresa<\/a><\/div> [\/vc_column][\/vc_row][vc_row][vc_column]<div class=\"gem-textbox \"  ><div class=\"gem-textbox-top gem-textbox-top-ticket\"><svg width=\"100%\" height=\"14\" style=\"fill: #eeee22;\"><defs><pattern id=\"pattern-1777047574-25\" x=\"16\" y=\"0\" width=\"32\" height=\"16\" patternUnits=\"userSpaceOnUse\" ><path d=\"M 0,14.5 16,-0.5 32,14.5\" \/><\/pattern><\/defs><rect x=\"0\" y=\"0\" width=\"100%\" height=\"14\" style=\"fill: url(#pattern-1777047574-25);\" \/><\/svg><\/div><div class=\"gem-textbox-inner\" style=\"\"><div class=\"gem-textbox-content\" style=\"background-color: #eeee22;background-position: center top;\">[vc_column_text]<\/p>\n<p style=\"text-align: center;\"><strong>\u00a1FELICIDADES! \u00a1Has terminado todos los m\u00f3dulos!<\/strong><\/p>\n<p>[\/vc_column_text]<\/div><\/div><div class=\"gem-textbox-bottom gem-textbox-bottom-ticket\"><svg width=\"100%\" height=\"14\" style=\"fill: #eeee22;\"><defs><pattern id=\"pattern-1777047574-76\" x=\"16\" y=\"-1\" width=\"32\" height=\"16\" patternUnits=\"userSpaceOnUse\" ><path d=\"M 0,-0.5 16,14.5 32,-0.5\" \/><\/pattern><\/defs><rect x=\"0\" y=\"-1\" width=\"100%\" height=\"14\" style=\"fill: url(#pattern-1777047574-76);\" \/><\/svg><\/div><\/div>[\/vc_column][\/vc_row][vc_row][vc_column][vc_column_text]<\/p>\n<p style=\"text-align: center;\"><img decoding=\"async\" class=\"aligncenter size-full wp-image-24999\" src=\"https:\/\/avancso.org.gt\/violencias\/wp-content\/uploads\/2019\/11\/todos-650.png\" alt=\"\" width=\"650\" height=\"314\" srcset=\"https:\/\/avancso.org.gt\/violencias\/wp-content\/uploads\/2019\/11\/todos-650.png 650w, https:\/\/avancso.org.gt\/violencias\/wp-content\/uploads\/2019\/11\/todos-650-300x145.png 300w\" sizes=\"(max-width: 650px) 100vw, 650px\" \/><\/p>\n<p>[\/vc_column_text][\/vc_column][\/vc_row][vc_row][vc_column]<div class=\"gem-textbox \"  ><div class=\"gem-textbox-top gem-textbox-top-flag\"><svg viewBox=\"0 0 1000 20\" preserveAspectRatio=\"none\" width=\"100%\" height=\"20\" style=\"fill: #eeee22;\"><path d=\"M 0,20.5 0,0 500,20.5 1000,0 1000,20.5\" \/><\/svg><\/div><div class=\"gem-textbox-inner\" style=\"\"><div class=\"gem-textbox-content\" style=\"background-color: #eeee22;background-position: center top;\">[vc_column_text]<\/p>\n<p style=\"text-align: center;\"><strong>Por favor lee nuestra \u00faltima secci\u00f3n: <a href=\"https:\/\/avancso.org.gt\/violencias\/gracias\/\">\u00a1Gracias!<\/a><\/strong><\/p>\n<p>[\/vc_column_text]<\/div><\/div><div class=\"gem-textbox-bottom gem-textbox-bottom-flag\"><svg viewBox=\"0 0 1000 20\" preserveAspectRatio=\"none\" width=\"100%\" height=\"20\" style=\"fill: #eeee22;\"><path d=\"M 0,-0.5 0,20 500,0 1000,20 1000,-0.5\" \/><\/svg><\/div><\/div>[\/vc_column][\/vc_row]<\/p>\n<\/div>","protected":false},"excerpt":{"rendered":"<p>[vc_row][vc_column][vc_tta_accordion][vc_tta_section add_icon=\u00bbtrue\u00bb title=\u00bbIdea 1&#8243; tab_id=\u00bb1573181005530-176e71f0-1802&#8243; i_icon_elegant=\u00bbgem-print-icon gem-icon-pack-elegant icon_star\u00bb][vc_column_text]Haz una evaluaci\u00f3n de lo que se te asign\u00f3 en la vida a&#8230;<\/p>\n","protected":false},"author":1,"featured_media":0,"parent":0,"menu_order":0,"comment_status":"closed","ping_status":"closed","template":"","meta":{"footnotes":""},"class_list":["post-24829","page","type-page","status-publish"],"_links":{"self":[{"href":"https:\/\/avancso.org.gt\/violencias\/wp-json\/wp\/v2\/pages\/24829","targetHints":{"allow":["GET"]}}],"collection":[{"href":"https:\/\/avancso.org.gt\/violencias\/wp-json\/wp\/v2\/pages"}],"about":[{"href":"https:\/\/avancso.org.gt\/violencias\/wp-json\/wp\/v2\/types\/page"}],"author":[{"embeddable":true,"href":"https:\/\/avancso.org.gt\/violencias\/wp-json\/wp\/v2\/users\/1"}],"replies":[{"embeddable":true,"href":"https:\/\/avancso.org.gt\/violencias\/wp-json\/wp\/v2\/comments?post=24829"}],"version-history":[{"count":15,"href":"https:\/\/avancso.org.gt\/violencias\/wp-json\/wp\/v2\/pages\/24829\/revisions"}],"predecessor-version":[{"id":25242,"href":"https:\/\/avancso.org.gt\/violencias\/wp-json\/wp\/v2\/pages\/24829\/revisions\/25242"}],"wp:attachment":[{"href":"https:\/\/avancso.org.gt\/violencias\/wp-json\/wp\/v2\/media?parent=24829"}],"curies":[{"name":"wp","href":"https:\/\/api.w.org\/{rel}","templated":true}]}}