{"id":25004,"date":"2019-11-10T14:33:38","date_gmt":"2019-11-10T14:33:38","guid":{"rendered":"https:\/\/avancso.org.gt\/violencias\/?page_id=25004"},"modified":"2019-11-10T14:54:58","modified_gmt":"2019-11-10T14:54:58","slug":"sexo-raza-que-opinas","status":"publish","type":"page","link":"https:\/\/avancso.org.gt\/violencias\/sexo-raza-que-opinas\/","title":{"rendered":"Sexo &#8211; raza \u00bfQu\u00e9 opinas?"},"content":{"rendered":"<div class=\"wpb-content-wrapper\"><p>[vc_row][vc_column][vc_column_text]<img decoding=\"async\" class=\"size-full wp-image-25005 alignleft\" src=\"https:\/\/avancso.org.gt\/violencias\/wp-content\/uploads\/2019\/11\/sashaB-200.png\" alt=\"\" width=\"200\" height=\"188\" \/><\/p>\n<p>&nbsp;<\/p>\n<p>Antes de continuar con la siguiente secci\u00f3n de informaci\u00f3n, por favor contribuye con las investigaciones de AVANCSO. Comparte con nosotrxs tus experiencias, opiniones y testimonios.<\/p>\n<p>&nbsp;<\/p>\n<p><img decoding=\"async\" class=\"size-full wp-image-24987 alignnone\" src=\"https:\/\/avancso.org.gt\/violencias\/wp-content\/uploads\/2019\/11\/iconos-atencion-35.png\" alt=\"\" width=\"35\" height=\"35\" \/> Este es un espacio seguro para compartir todo lo que desees de forma <strong>an\u00f3nima<\/strong>. La informaci\u00f3n que compartas ser\u00e1 usada solo con fines de investigaci\u00f3n. Esta participaci\u00f3n no es obligatoria, si no quieres participar haz clic en el bot\u00f3n \u00abCONTIN\u00daA\u00bb.[\/vc_column_text][\/vc_column][\/vc_row][vc_row][vc_column][vc_column_text]<\/p>\n<p style=\"text-align: center;\">Contesta las preguntas que desees, al terminar haz clic en el bot\u00f3n \u00abENVIAR\u00bb:<\/p>\n<p style=\"text-align: center;\"><iframe src=\"https:\/\/docs.google.com\/forms\/d\/e\/1FAIpQLSe0FLOeNiD1lgZ9BDd2V8qFTIXb4cpsJqmzM2D-m4ABNE5qqQ\/viewform?embedded=true\" width=\"90%\" height=\"2200\" frameborder=\"0\" marginwidth=\"0\" marginheight=\"0\"><span data-mce-type=\"bookmark\" style=\"display: inline-block; width: 0px; overflow: hidden; line-height: 0;\" class=\"mce_SELRES_start\">\ufeff<\/span>Loading\u2026<\/iframe><\/p>\n<p>[\/vc_column_text][\/vc_column][\/vc_row][vc_row][vc_column width=\u00bb1\/2&#8243;]<div class=\"gem-button-container gem-button-position-center\"><a title=\"Sexo \u2013 raza\" class=\"gem-button gem-button-size-small gem-button-style-flat gem-button-text-weight-normal gem-button-icon-position-left\" style=\"border-radius: 3px;\" onmouseleave=\"\" onmouseenter=\"\" href=\"https:\/\/avancso.org.gt\/violencias\/sexo-raza\/\" target=\"_self\"><i class=\"gem-print-icon gem-icon-pack-elegant\">&#x23;<\/i>Regresa<\/a><\/div> [\/vc_column][vc_column width=\u00bb1\/2&#8243;]<div class=\"gem-button-container gem-button-position-center\"><a title=\"Sexo \u2013 raza \u00a1Accionar!\" class=\"gem-button gem-button-size-small gem-button-style-flat gem-button-text-weight-normal gem-button-icon-position-right\" style=\"border-radius: 3px;\" onmouseleave=\"\" onmouseenter=\"\" href=\"https:\/\/avancso.org.gt\/violencias\/sexo-raza-accionar\/\" target=\"_self\">Contin\u00faa<i class=\"gem-print-icon gem-icon-pack-elegant\">&#x24;<\/i><\/a><\/div> [\/vc_column][\/vc_row]<\/p>\n<\/div>","protected":false},"excerpt":{"rendered":"<p>[vc_row][vc_column][vc_column_text] &nbsp; Antes de continuar con la siguiente secci\u00f3n de informaci\u00f3n, por favor contribuye con las investigaciones de AVANCSO. Comparte&#8230;<\/p>\n","protected":false},"author":1,"featured_media":0,"parent":0,"menu_order":0,"comment_status":"closed","ping_status":"closed","template":"","meta":{"footnotes":""},"class_list":["post-25004","page","type-page","status-publish"],"_links":{"self":[{"href":"https:\/\/avancso.org.gt\/violencias\/wp-json\/wp\/v2\/pages\/25004","targetHints":{"allow":["GET"]}}],"collection":[{"href":"https:\/\/avancso.org.gt\/violencias\/wp-json\/wp\/v2\/pages"}],"about":[{"href":"https:\/\/avancso.org.gt\/violencias\/wp-json\/wp\/v2\/types\/page"}],"author":[{"embeddable":true,"href":"https:\/\/avancso.org.gt\/violencias\/wp-json\/wp\/v2\/users\/1"}],"replies":[{"embeddable":true,"href":"https:\/\/avancso.org.gt\/violencias\/wp-json\/wp\/v2\/comments?post=25004"}],"version-history":[{"count":8,"href":"https:\/\/avancso.org.gt\/violencias\/wp-json\/wp\/v2\/pages\/25004\/revisions"}],"predecessor-version":[{"id":25016,"href":"https:\/\/avancso.org.gt\/violencias\/wp-json\/wp\/v2\/pages\/25004\/revisions\/25016"}],"wp:attachment":[{"href":"https:\/\/avancso.org.gt\/violencias\/wp-json\/wp\/v2\/media?parent=25004"}],"curies":[{"name":"wp","href":"https:\/\/api.w.org\/{rel}","templated":true}]}}